{"id":3452,"date":"2026-03-25T10:33:39","date_gmt":"2026-03-25T09:33:39","guid":{"rendered":"https:\/\/www.uamksr.sk\/uamk\/?page_id=3452"},"modified":"2026-04-10T20:40:28","modified_gmt":"2026-04-10T18:40:28","slug":"rychlovyvijac-pary","status":"publish","type":"page","link":"https:\/\/www.uamksr.sk\/uamk\/rychlovyvijac-pary","title":{"rendered":"R\u00fdchlovyv\u00edja\u010d pary ZNB"},"content":{"rendered":"\n<figure class=\"wp-block-image size-full is-resized\"><img loading=\"lazy\" decoding=\"async\" width=\"1200\" height=\"969\" src=\"https:\/\/www.uamksr.sk\/uamk\/wp-content\/uploads\/2026\/03\/vyvijac-pary-1200.jpg\" alt=\"\" class=\"wp-image-3450\" style=\"width:800px\" srcset=\"https:\/\/www.uamksr.sk\/uamk\/wp-content\/uploads\/2026\/03\/vyvijac-pary-1200.jpg 1200w, https:\/\/www.uamksr.sk\/uamk\/wp-content\/uploads\/2026\/03\/vyvijac-pary-1200-300x242.jpg 300w, https:\/\/www.uamksr.sk\/uamk\/wp-content\/uploads\/2026\/03\/vyvijac-pary-1200-768x620.jpg 768w\" sizes=\"auto, (max-width: 1200px) 100vw, 1200px\" \/><\/figure>\n\n\n\n<p>Pon\u00fakame V\u00e1m v\u00fdrobu, dod\u00e1vku, mont\u00e1\u017e a&nbsp;servis jedine\u010dn\u00e9ho &nbsp;unik\u00e1tneho ekologick\u00e9ho&nbsp; zariadenia &nbsp;<\/p>\n\n\n\n<p><strong>\u201e R\u00ddCHLOVYV\u00cdJA\u010c PARY &nbsp;TYP ZNB\u201c<\/strong><\/p>\n\n\n\n<p><strong>R\u00fdchlovyv\u00edja\u010d pary typ ZNB<\/strong> dok\u00e1\u017ee vyrobi\u0165 paru v&nbsp;rozmedz\u00ed 2 \u2013 5 min\u00fat<\/p>\n\n\n\n<p>\u00da\u010dinnos\u0165 <strong>r\u00fdchlovyv\u00edja\u010da pary typ ZNB<\/strong> je a\u017e do 95 % !!!<\/p>\n\n\n\n<p>Je vhodn\u00fd najm\u00e4 pre v\u00e4\u010d\u0161\u00edch u\u017e\u00edvate\u013eov pary, ako nemocnice, pr\u00e1\u010dovne, spracovate\u013eov potravin\u00e1rskych a&nbsp;chemick\u00fdch v\u00fdrob a&nbsp;\u010fal\u0161\u00edch u\u017e\u00edvate\u013eov.<\/p>\n\n\n\n<p><strong>R\u00fdchlovyv\u00edja\u010d pary typ ZNB<\/strong> sa dod\u00e1va ako kompletn\u00fd agreg\u00e1t, pozost\u00e1vaj\u00faci z&nbsp;telesa r\u00fdchlovyv\u00edja\u010da, \u010derpadla, hor\u00e1ka a&nbsp;zabezpe\u010dovacieho zariadenia.<\/p>\n\n\n\n<p>Z\u00e1rove\u0148 pon\u00fakame HD \u2013 skrutkovnice ( dvojhad ) pre RVP 400 \u2013 500, 700 \u2013 800, 900 \u2013 1&nbsp;100 pre r\u00fdchlovyv\u00edja\u010de pary typu SPROPOV a&nbsp;v\u00fdrobky vyr\u00e1ban\u00e9 b\u00fdvalou spolo\u010dnos\u0165ou TIPA Nitra, s. r. o.<\/p>\n\n\n\n<p>Zariadenie m\u00f4\u017ee by\u0165 in\u0161talovan\u00e9 na mieste stanovenom odberate\u013eom <strong><u>len opr\u00e1vnenou organiz\u00e1ciou \u00daAMK s. r. o.<\/u><\/strong><\/p>\n\n\n\n<div class=\"wp-block-columns is-layout-flex wp-container-core-columns-is-layout-9d6595d7 wp-block-columns-is-layout-flex\">\n<div class=\"wp-block-column is-layout-flow wp-block-column-is-layout-flow\"><\/div>\n\n\n\n<div class=\"wp-block-column is-layout-flow wp-block-column-is-layout-flow\">\n<p><\/p>\n<\/div>\n<\/div>\n\n\n\n<div class=\"wp-block-columns is-layout-flex wp-container-core-columns-is-layout-9d6595d7 wp-block-columns-is-layout-flex\">\n<div class=\"wp-block-column is-layout-flow wp-block-column-is-layout-flow\">\n<p><strong>KONTAKT<\/strong>:<\/p>\n\n\n\n<p>\u00daAMK s. r. o.<br>Most\u00e1rensk\u00e1 9<br>977 01 Brezno<\/p>\n\n\n\n<p>email: <a href=\"mailto:uamksro@uamk.sk\">uamksro@uamk.sk<\/a><\/p>\n\n\n\n<p>telef\u00f3n: +421 903 801 489<\/p>\n<\/div>\n\n\n\n<div class=\"wp-block-column is-layout-flow wp-block-column-is-layout-flow\">\n<figure class=\"wp-block-image size-full is-resized\"><img loading=\"lazy\" decoding=\"async\" width=\"825\" height=\"400\" src=\"https:\/\/www.uamksr.sk\/uamk\/wp-content\/uploads\/2026\/03\/lgo-uamk-sro.jpg\" alt=\"\" class=\"wp-image-3451\" style=\"aspect-ratio:2.062591466846786;width:281px;height:auto\" srcset=\"https:\/\/www.uamksr.sk\/uamk\/wp-content\/uploads\/2026\/03\/lgo-uamk-sro.jpg 825w, https:\/\/www.uamksr.sk\/uamk\/wp-content\/uploads\/2026\/03\/lgo-uamk-sro-300x145.jpg 300w, https:\/\/www.uamksr.sk\/uamk\/wp-content\/uploads\/2026\/03\/lgo-uamk-sro-768x372.jpg 768w\" sizes=\"auto, (max-width: 825px) 100vw, 825px\" \/><\/figure>\n<\/div>\n<\/div>\n","protected":false},"excerpt":{"rendered":"<p>Pon\u00fakame V\u00e1m v\u00fdrobu, dod\u00e1vku, mont\u00e1\u017e a&nbsp;servis jedine\u010dn\u00e9ho &nbsp;unik\u00e1tneho ekologick\u00e9ho&nbsp; zariadenia &nbsp; \u201e R\u00ddCHLOVYV\u00cdJA\u010c PARY &nbsp;TYP ZNB\u201c R\u00fdchlovyv\u00edja\u010d pary typ ZNB dok\u00e1\u017ee vyrobi\u0165 paru v&nbsp;rozmedz\u00ed 2 \u2013 5 min\u00fat \u00da\u010dinnos\u0165 r\u00fdchlovyv\u00edja\u010da pary typ ZNB je a\u017e do 95 % !!! Je vhodn\u00fd najm\u00e4 pre v\u00e4\u010d\u0161\u00edch u\u017e\u00edvate\u013eov pary, ako nemocnice, pr\u00e1\u010dovne, spracovate\u013eov potravin\u00e1rskych a&nbsp;chemick\u00fdch v\u00fdrob a&nbsp;\u010fal\u0161\u00edch u\u017e\u00edvate\u013eov. &hellip;<br \/><a href=\"https:\/\/www.uamksr.sk\/uamk\/rychlovyvijac-pary\" class=\"more-link pen_button pen_element_default pen_icon_arrow_double\">\u010c\u00edta\u0165 \u010falej <span class=\"screen-reader-text\">R\u00fdchlovyv\u00edja\u010d pary ZNB<\/span><\/a><\/p>\n","protected":false},"author":1,"featured_media":0,"parent":0,"menu_order":0,"comment_status":"closed","ping_status":"closed","template":"","meta":{"footnotes":""},"class_list":["post-3452","page","type-page","status-publish","hentry"],"_links":{"self":[{"href":"https:\/\/www.uamksr.sk\/uamk\/wp-json\/wp\/v2\/pages\/3452","targetHints":{"allow":["GET"]}}],"collection":[{"href":"https:\/\/www.uamksr.sk\/uamk\/wp-json\/wp\/v2\/pages"}],"about":[{"href":"https:\/\/www.uamksr.sk\/uamk\/wp-json\/wp\/v2\/types\/page"}],"author":[{"embeddable":true,"href":"https:\/\/www.uamksr.sk\/uamk\/wp-json\/wp\/v2\/users\/1"}],"replies":[{"embeddable":true,"href":"https:\/\/www.uamksr.sk\/uamk\/wp-json\/wp\/v2\/comments?post=3452"}],"version-history":[{"count":10,"href":"https:\/\/www.uamksr.sk\/uamk\/wp-json\/wp\/v2\/pages\/3452\/revisions"}],"predecessor-version":[{"id":3547,"href":"https:\/\/www.uamksr.sk\/uamk\/wp-json\/wp\/v2\/pages\/3452\/revisions\/3547"}],"wp:attachment":[{"href":"https:\/\/www.uamksr.sk\/uamk\/wp-json\/wp\/v2\/media?parent=3452"}],"curies":[{"name":"wp","href":"https:\/\/api.w.org\/{rel}","templated":true}]}}