{"id":2217,"date":"2026-03-11T21:13:15","date_gmt":"2026-03-11T20:13:15","guid":{"rendered":"https:\/\/www.uamksr.sk\/uamk\/?page_id=2217"},"modified":"2026-03-22T14:21:48","modified_gmt":"2026-03-22T13:21:48","slug":"ceny-pohonnych-latok","status":"publish","type":"page","link":"https:\/\/www.uamksr.sk\/uamk\/ceny-pohonnych-latok","title":{"rendered":"Aktu\u00e1lne ceny pohonn\u00fdch l\u00e1tok v Eur\u00f3pe"},"content":{"rendered":"<h3 class=\"wpdt-c\" id=\"wdt-table-title-73\">K 14. marcu 2026<\/h3>\n    <div class=\"wpdt-c \">\n    \n<input type=\"hidden\" id=\"wdtNonceFrontendEdit\" name=\"wdtNonceFrontendEdit\" value=\"3592c2e74d\" \/><input type=\"hidden\" name=\"_wp_http_referer\" value=\"\/uamk\/wp-json\/wp\/v2\/pages\/2217\" \/>    <input type=\"hidden\" id=\"table_1_desc\" value='{\"tableId\":\"table_1\",\"tableType\":\"xls\",\"selector\":\"#table_1\",\"responsive\":true,\"responsiveAction\":\"row\",\"infoBlock\":false,\"pagination\":0,\"paginationAlign\":\"right\",\"paginationLayout\":\"full_numbers\",\"paginationLayoutMobile\":\"simple\",\"file_location\":\"wp_media_lib\",\"table_wcag\":0,\"simple_template_id\":0,\"scrollable\":false,\"globalSearch\":false,\"showRowsPerPage\":false,\"hideBeforeLoad\":true,\"pagination_top\":1,\"number_format\":1,\"decimalPlaces\":2,\"spinnerSrc\":\"https:\\\/\\\/www.uamksr.sk\\\/uamk\\\/wp-content\\\/plugins\\\/wpdatatables\\\/assets\\\/\\\/img\\\/spinner.gif\",\"groupingEnabled\":false,\"tableWpId\":73,\"dataTableParams\":{\"sDom\":\"BT\\u003C\\u0027clear\\u0027\\u003Et\",\"bSortCellsTop\":false,\"aLengthMenu\":[[1,5,10,25,50,100,-1],[1,5,10,25,50,100,\"All\"]],\"iDisplayLength\":50,\"columnDefs\":[{\"sType\":\"string\",\"wdtType\":\"string\",\"bVisible\":true,\"orderable\":true,\"searchable\":true,\"InputType\":\"text\",\"name\":\"Krajina\",\"origHeader\":\"Krajina\",\"notNull\":false,\"conditionalFormattingRules\":[],\"className\":\" column-krajina\",\"aTargets\":[0]},{\"sType\":\"string\",\"wdtType\":\"string\",\"bVisible\":true,\"orderable\":true,\"searchable\":true,\"InputType\":\"text\",\"name\":\"Mena\",\"origHeader\":\"Mena\",\"notNull\":false,\"conditionalFormattingRules\":[],\"className\":\" column-mena\",\"aTargets\":[1]},{\"sType\":\"string\",\"wdtType\":\"string\",\"bVisible\":true,\"orderable\":true,\"searchable\":true,\"InputType\":\"text\",\"name\":\"kurz EUR\",\"origHeader\":\"kurz EUR\",\"notNull\":false,\"conditionalFormattingRules\":[],\"className\":\" column-kurz-eur\",\"aTargets\":[2]},{\"sType\":\"string\",\"wdtType\":\"string\",\"bVisible\":true,\"orderable\":true,\"searchable\":true,\"InputType\":\"text\",\"name\":\"95 E10\",\"origHeader\":\"95 E10\",\"notNull\":false,\"conditionalFormattingRules\":[],\"className\":\" column-95-e10\",\"aTargets\":[3]},{\"sType\":\"string\",\"wdtType\":\"string\",\"bVisible\":true,\"orderable\":true,\"searchable\":true,\"InputType\":\"text\",\"name\":95,\"origHeader\":95,\"notNull\":false,\"conditionalFormattingRules\":[],\"className\":\" column-95\",\"aTargets\":[4]},{\"sType\":\"string\",\"wdtType\":\"string\",\"bVisible\":true,\"orderable\":true,\"searchable\":true,\"InputType\":\"text\",\"name\":98,\"origHeader\":98,\"notNull\":false,\"conditionalFormattingRules\":[],\"className\":\" column-98\",\"aTargets\":[5]},{\"sType\":\"string\",\"wdtType\":\"string\",\"bVisible\":true,\"orderable\":true,\"searchable\":true,\"InputType\":\"text\",\"name\":\"Nafta\",\"origHeader\":\"Nafta\",\"notNull\":false,\"conditionalFormattingRules\":[],\"className\":\" column-nafta\",\"aTargets\":[6]},{\"sType\":\"string\",\"wdtType\":\"string\",\"bVisible\":true,\"orderable\":true,\"searchable\":true,\"InputType\":\"text\",\"name\":\"+ \\\/ -\",\"origHeader\":\"+ \\\/ -\",\"notNull\":false,\"conditionalFormattingRules\":[],\"className\":\" column----\",\"aTargets\":[7]}],\"bAutoWidth\":false,\"order\":[[0,\"asc\"]],\"ordering\":true,\"oLanguage\":{\"sProcessing\":\"Pracujem...\",\"sLengthMenu\":\"Showing _MENU_ Entries\",\"sZeroRecords\":\"Neboli n\\u00e1jden\\u00e9 \\u017eiadne z\\u00e1znamy\",\"sInfo\":\"Z\\u00e1znamy _START_ a\\u017e _END_ z celkovo _TOTAL_\",\"sInfoEmpty\":\"Z\\u00e1znamy 0 a\\u017e 0 z celkovo 0\",\"sInfoFiltered\":\"(filtrovan\\u00e9 z celkovo _MAX_ z\\u00e1znamov)\",\"sInfoPostFix\":\"\",\"sSearch\":\"\\u003Cspan class=\\u0022wdt-search-icon\\u0022\\u003E\\u003C\\\/span\\u003E\",\"sUrl\":\"\",\"oPaginate\":{\"sFirst\":\"Prv\\u00e1\",\"sPrevious\":\"Predch\\u00e1dzaj\\u00faca\",\"sNext\":\"\\u010eal\\u0161ia\",\"sLast\":\"Posledn\\u00e1\"},\"sSearchPlaceholder\":\"Search table\"},\"buttons\":[{\"extend\":\"collection\",\"className\":\"DTTT_button DTTT_button_export\",\"text\":\"Export\",\"buttons\":[{\"extend\":\"excelHtml5\",\"exportOptions\":{\"columns\":\":visible\",\"stripHtml\":true},\"filename\":\"K 14. marcu 2026\",\"title\":\"K 14. marcu 2026\",\"text\":\"Excel\"},{\"extend\":\"pdfHtml5\",\"exportOptions\":{\"columns\":\":visible\"},\"orientation\":\"landscape\",\"pageSize\":\"A4\",\"title\":\"K 14. marcu 2026\",\"text\":\"PDF\"}]}],\"oSearch\":{\"bSmart\":false,\"bRegex\":false,\"sSearch\":\"\"}},\"currentSkin\":\"raspberry-cream\",\"tabletWidth\":\"800\",\"mobileWidth\":\"480\",\"columnsFixed\":0,\"timeFormat\":\"H:i\",\"datepickFormat\":\"dd.mm.yy\"}'\/>\n\n    <table id=\"table_1\"\n           class=\"           responsive           display nowrap data-t wpDataTable wpDataTableID-73\"\n           style=\"display: none; \"\n           data-described-by='table_1_desc'\n           data-wpdatatable_id=\"73\">\n                    <colgroup id=\"colgrup-table_1\"><\/colgroup>\n        \n        <!-- Table header -->\n        \n<thead>\n<tr>\n                    <th\n        data-class=\"expand\"                class=\" wdtheader sort \"\n        style=\"\">Krajina<\/th>        <th\n                        class=\" wdtheader sort \"\n        style=\"\">Mena<\/th>        <th\n                        class=\" wdtheader sort \"\n        style=\"\">kurz EUR<\/th>        <th\n                        class=\" wdtheader sort \"\n        style=\"\">95 E10<\/th>        <th\n                        class=\" wdtheader sort \"\n        style=\"\">95<\/th>        <th\n                        class=\" wdtheader sort \"\n        style=\"\">98<\/th>        <th\n                        class=\" wdtheader sort \"\n        style=\"\">Nafta<\/th>        <th\n                        class=\" wdtheader sort \"\n        style=\"\">+ \/ -<\/th>    <\/tr>\n<\/thead>\n        <!-- \/Table header -->\n\n        <!-- Table body -->\n        \n<tbody>\n        <tr id=\"table_73_row_0\">\n                    <td style=\"\">Alb\u00e1nsko<\/td>\n                    <td style=\"\">ALL<\/td>\n                    <td style=\"\">0.01029<\/td>\n                    <td style=\"\"><\/td>\n                    <td style=\"\">1.770<\/td>\n                    <td style=\"\"><\/td>\n                    <td style=\"\">1.770<\/td>\n                    <td style=\"\">-<\/td>\n            <\/tr>\n            <tr id=\"table_73_row_1\">\n                    <td style=\"\">Andorra<\/td>\n                    <td style=\"\">EUR<\/td>\n                    <td style=\"\">1.00000<\/td>\n                    <td style=\"\"><\/td>\n                    <td style=\"\">1.420<\/td>\n                    <td style=\"\">1.480<\/td>\n                    <td style=\"\">1.420<\/td>\n                    <td style=\"\">+<\/td>\n            <\/tr>\n            <tr id=\"table_73_row_2\">\n                    <td style=\"\">Rak\u00fasko<\/td>\n                    <td style=\"\">EUR<\/td>\n                    <td style=\"\">1.00000<\/td>\n                    <td style=\"\"><\/td>\n                    <td style=\"\">1.739<\/td>\n                    <td style=\"\">2.033<\/td>\n                    <td style=\"\">1.939<\/td>\n                    <td style=\"\">+<\/td>\n            <\/tr>\n            <tr id=\"table_73_row_3\">\n                    <td style=\"\">Belgicko<\/td>\n                    <td style=\"\">EUR<\/td>\n                    <td style=\"\">1.00000<\/td>\n                    <td style=\"\">1.606<\/td>\n                    <td style=\"\">1.617<\/td>\n                    <td style=\"\">1.665<\/td>\n                    <td style=\"\">1.729<\/td>\n                    <td style=\"\">+<\/td>\n            <\/tr>\n            <tr id=\"table_73_row_4\">\n                    <td style=\"\">Bosna a Hercegovina<\/td>\n                    <td style=\"\">BAM<\/td>\n                    <td style=\"\">0.51129<\/td>\n                    <td style=\"\"><\/td>\n                    <td style=\"\">1.181<\/td>\n                    <td style=\"\">1.346<\/td>\n                    <td style=\"\">1.426<\/td>\n                    <td style=\"\">+<\/td>\n            <\/tr>\n            <tr id=\"table_73_row_5\">\n                    <td style=\"\">Bulharsko<\/td>\n                    <td style=\"\">EUR<\/td>\n                    <td style=\"\">1.00000<\/td>\n                    <td style=\"\"><\/td>\n                    <td style=\"\">1.340<\/td>\n                    <td style=\"\">1.550<\/td>\n                    <td style=\"\">1.450<\/td>\n                    <td style=\"\">+<\/td>\n            <\/tr>\n            <tr id=\"table_73_row_6\">\n                    <td style=\"\">Chorv\u00e1tsko<\/td>\n                    <td style=\"\">EUR<\/td>\n                    <td style=\"\">1.00000<\/td>\n                    <td style=\"\"><\/td>\n                    <td style=\"\">1.500<\/td>\n                    <td style=\"\">1.990<\/td>\n                    <td style=\"\">1.550<\/td>\n                    <td style=\"\">+<\/td>\n            <\/tr>\n            <tr id=\"table_73_row_7\">\n                    <td style=\"\">\u010cesk\u00e1 republika<\/td>\n                    <td style=\"\">CZK<\/td>\n                    <td style=\"\">0.04095<\/td>\n                    <td style=\"\"><\/td>\n                    <td style=\"\">1.441<\/td>\n                    <td style=\"\">1.514<\/td>\n                    <td style=\"\">1.401<\/td>\n                    <td style=\"\">+<\/td>\n            <\/tr>\n            <tr id=\"table_73_row_8\">\n                    <td style=\"\">D\u00e1nsko<\/td>\n                    <td style=\"\">DKK<\/td>\n                    <td style=\"\">0.13382<\/td>\n                    <td style=\"\"><\/td>\n                    <td style=\"\">2.140<\/td>\n                    <td style=\"\"><\/td>\n                    <td style=\"\">2.287<\/td>\n                    <td style=\"\">+<\/td>\n            <\/tr>\n            <tr id=\"table_73_row_9\">\n                    <td style=\"\">Est\u00f3nsko<\/td>\n                    <td style=\"\">EUR<\/td>\n                    <td style=\"\">1.00000<\/td>\n                    <td style=\"\"><\/td>\n                    <td style=\"\">1.611<\/td>\n                    <td style=\"\">1.652<\/td>\n                    <td style=\"\">1.658<\/td>\n                    <td style=\"\">+<\/td>\n            <\/tr>\n            <tr id=\"table_73_row_10\">\n                    <td style=\"\">F\u00ednsko<\/td>\n                    <td style=\"\">EUR<\/td>\n                    <td style=\"\">1.00000<\/td>\n                    <td style=\"\">1.926<\/td>\n                    <td style=\"\"><\/td>\n                    <td style=\"\">2.029<\/td>\n                    <td style=\"\">2.086<\/td>\n                    <td style=\"\">+<\/td>\n            <\/tr>\n            <tr id=\"table_73_row_11\">\n                    <td style=\"\">Franc\u00fazsko<\/td>\n                    <td style=\"\">EUR<\/td>\n                    <td style=\"\">1.00000<\/td>\n                    <td style=\"\">1.878<\/td>\n                    <td style=\"\">1.912<\/td>\n                    <td style=\"\">1.975<\/td>\n                    <td style=\"\">2.040<\/td>\n                    <td style=\"\">+<\/td>\n            <\/tr>\n            <tr id=\"table_73_row_12\">\n                    <td style=\"\">Nemecko<\/td>\n                    <td style=\"\">EUR<\/td>\n                    <td style=\"\">1.00000<\/td>\n                    <td style=\"\">2.045<\/td>\n                    <td style=\"\">2.067<\/td>\n                    <td style=\"\">2.229<\/td>\n                    <td style=\"\">2.188<\/td>\n                    <td style=\"\">+<\/td>\n            <\/tr>\n            <tr id=\"table_73_row_13\">\n                    <td style=\"\">Ve\u013ek\u00e1 Brit\u00e1nia<\/td>\n                    <td style=\"\">GBP<\/td>\n                    <td style=\"\">1.15887<\/td>\n                    <td style=\"\"><\/td>\n                    <td style=\"\">1.576<\/td>\n                    <td style=\"\">1.761<\/td>\n                    <td style=\"\">1.727<\/td>\n                    <td style=\"\">+<\/td>\n            <\/tr>\n            <tr id=\"table_73_row_14\">\n                    <td style=\"\">Gr\u00e9cko<\/td>\n                    <td style=\"\">EUR<\/td>\n                    <td style=\"\">1.00000<\/td>\n                    <td style=\"\"><\/td>\n                    <td style=\"\">1.813<\/td>\n                    <td style=\"\">1.983<\/td>\n                    <td style=\"\">1.701<\/td>\n                    <td style=\"\">+<\/td>\n            <\/tr>\n            <tr id=\"table_73_row_15\">\n                    <td style=\"\">Ma\u010farsko<\/td>\n                    <td style=\"\">HUF<\/td>\n                    <td style=\"\">0.00256<\/td>\n                    <td style=\"\"><\/td>\n                    <td style=\"\">1.441<\/td>\n                    <td style=\"\">1.577<\/td>\n                    <td style=\"\">1.487<\/td>\n                    <td style=\"\">-<\/td>\n            <\/tr>\n            <tr id=\"table_73_row_16\">\n                    <td style=\"\">\u00cdrsko<\/td>\n                    <td style=\"\">EUR<\/td>\n                    <td style=\"\">1.00000<\/td>\n                    <td style=\"\"><\/td>\n                    <td style=\"\">1.730<\/td>\n                    <td style=\"\"><\/td>\n                    <td style=\"\">1.720<\/td>\n                    <td style=\"\">+<\/td>\n            <\/tr>\n            <tr id=\"table_73_row_17\">\n                    <td style=\"\">Island<\/td>\n                    <td style=\"\">ISK<\/td>\n                    <td style=\"\">0.00689<\/td>\n                    <td style=\"\"><\/td>\n                    <td style=\"\">1.523<\/td>\n                    <td style=\"\"><\/td>\n                    <td style=\"\">1.647<\/td>\n                    <td style=\"\">+<\/td>\n            <\/tr>\n            <tr id=\"table_73_row_18\">\n                    <td style=\"\">Taliansko<\/td>\n                    <td style=\"\">EUR<\/td>\n                    <td style=\"\">1.00000<\/td>\n                    <td style=\"\"><\/td>\n                    <td style=\"\">1.893<\/td>\n                    <td style=\"\">2.115<\/td>\n                    <td style=\"\">2.104<\/td>\n                    <td style=\"\">+<\/td>\n            <\/tr>\n            <tr id=\"table_73_row_19\">\n                    <td style=\"\">Kosovo<\/td>\n                    <td style=\"\">EUR<\/td>\n                    <td style=\"\">1.00000<\/td>\n                    <td style=\"\"><\/td>\n                    <td style=\"\">1.194<\/td>\n                    <td style=\"\"><\/td>\n                    <td style=\"\">1.307<\/td>\n                    <td style=\"\">+<\/td>\n            <\/tr>\n            <tr id=\"table_73_row_20\">\n                    <td style=\"\">Litva<\/td>\n                    <td style=\"\">EUR<\/td>\n                    <td style=\"\">1.00000<\/td>\n                    <td style=\"\"><\/td>\n                    <td style=\"\">1.527<\/td>\n                    <td style=\"\">1.632<\/td>\n                    <td style=\"\">1.754<\/td>\n                    <td style=\"\">+<\/td>\n            <\/tr>\n            <tr id=\"table_73_row_21\">\n                    <td style=\"\">Loty\u0161sko<\/td>\n                    <td style=\"\">EUR<\/td>\n                    <td style=\"\">1.00000<\/td>\n                    <td style=\"\"><\/td>\n                    <td style=\"\">1.512<\/td>\n                    <td style=\"\">1.595<\/td>\n                    <td style=\"\">1.679<\/td>\n                    <td style=\"\">+<\/td>\n            <\/tr>\n            <tr id=\"table_73_row_22\">\n                    <td style=\"\">Luxembursko<\/td>\n                    <td style=\"\">EUR<\/td>\n                    <td style=\"\">1.00000<\/td>\n                    <td style=\"\"><\/td>\n                    <td style=\"\">1.654<\/td>\n                    <td style=\"\">1.779<\/td>\n                    <td style=\"\">1.780<\/td>\n                    <td style=\"\">+<\/td>\n            <\/tr>\n            <tr id=\"table_73_row_23\">\n                    <td style=\"\">Severn\u00e9 Maced\u00f3nsko<\/td>\n                    <td style=\"\">MKD<\/td>\n                    <td style=\"\">0.01610<\/td>\n                    <td style=\"\"><\/td>\n                    <td style=\"\">1.280<\/td>\n                    <td style=\"\">1.312<\/td>\n                    <td style=\"\">1.377<\/td>\n                    <td style=\"\">+<\/td>\n            <\/tr>\n            <tr id=\"table_73_row_24\">\n                    <td style=\"\">Holandsko<\/td>\n                    <td style=\"\">EUR<\/td>\n                    <td style=\"\">1.00000<\/td>\n                    <td style=\"\">2.215<\/td>\n                    <td style=\"\">2.278<\/td>\n                    <td style=\"\">2.515<\/td>\n                    <td style=\"\">2.237<\/td>\n                    <td style=\"\">+<\/td>\n            <\/tr>\n            <tr id=\"table_73_row_25\">\n                    <td style=\"\">N\u00f3rsko<\/td>\n                    <td style=\"\">NOK<\/td>\n                    <td style=\"\">0.08953<\/td>\n                    <td style=\"\"><\/td>\n                    <td style=\"\">1.919<\/td>\n                    <td style=\"\"><\/td>\n                    <td style=\"\">1.690<\/td>\n                    <td style=\"\">+<\/td>\n            <\/tr>\n            <tr id=\"table_73_row_26\">\n                    <td style=\"\">Po\u013esko<\/td>\n                    <td style=\"\">PLN<\/td>\n                    <td style=\"\">0.23444<\/td>\n                    <td style=\"\"><\/td>\n                    <td style=\"\">1.519<\/td>\n                    <td style=\"\">1.693<\/td>\n                    <td style=\"\">1.779<\/td>\n                    <td style=\"\">+<\/td>\n            <\/tr>\n            <tr id=\"table_73_row_27\">\n                    <td style=\"\">Portugalsko<\/td>\n                    <td style=\"\">EUR<\/td>\n                    <td style=\"\">1.00000<\/td>\n                    <td style=\"\"><\/td>\n                    <td style=\"\">1.797<\/td>\n                    <td style=\"\">1.923<\/td>\n                    <td style=\"\">1.715<\/td>\n                    <td style=\"\">+<\/td>\n            <\/tr>\n            <tr id=\"table_73_row_28\">\n                    <td style=\"\">Rumunsko<\/td>\n                    <td style=\"\">RON<\/td>\n                    <td style=\"\">0.19614<\/td>\n                    <td style=\"\"><\/td>\n                    <td style=\"\">1.612<\/td>\n                    <td style=\"\">1.750<\/td>\n                    <td style=\"\">1.683<\/td>\n                    <td style=\"\">+<\/td>\n            <\/tr>\n            <tr id=\"table_73_row_29\">\n                    <td style=\"\">Srbsko<\/td>\n                    <td style=\"\">RSD<\/td>\n                    <td style=\"\">0.00850<\/td>\n                    <td style=\"\"><\/td>\n                    <td style=\"\">1.539<\/td>\n                    <td style=\"\">1.675<\/td>\n                    <td style=\"\">1.700<\/td>\n                    <td style=\"\">+<\/td>\n            <\/tr>\n            <tr id=\"table_73_row_30\">\n                    <td style=\"\">Slovensko<\/td>\n                    <td style=\"\">EUR<\/td>\n                    <td style=\"\">1.00000<\/td>\n                    <td style=\"\"><\/td>\n                    <td style=\"\">1.539<\/td>\n                    <td style=\"\">1.613<\/td>\n                    <td style=\"\">1.535<\/td>\n                    <td style=\"\">+<\/td>\n            <\/tr>\n            <tr id=\"table_73_row_31\">\n                    <td style=\"\">Slovinsko<\/td>\n                    <td style=\"\">EUR<\/td>\n                    <td style=\"\">1.00000<\/td>\n                    <td style=\"\"><\/td>\n                    <td style=\"\">1.466<\/td>\n                    <td style=\"\">1.698<\/td>\n                    <td style=\"\">1.528<\/td>\n                    <td style=\"\">+<\/td>\n            <\/tr>\n            <tr id=\"table_73_row_32\">\n                    <td style=\"\">\u0160panielsko<\/td>\n                    <td style=\"\">EUR<\/td>\n                    <td style=\"\">1.00000<\/td>\n                    <td style=\"\"><\/td>\n                    <td style=\"\">1.670<\/td>\n                    <td style=\"\">1.826<\/td>\n                    <td style=\"\">1.776<\/td>\n                    <td style=\"\">+<\/td>\n            <\/tr>\n            <tr id=\"table_73_row_33\">\n                    <td style=\"\">\u0160v\u00e9dsko<\/td>\n                    <td style=\"\">SEK<\/td>\n                    <td style=\"\">0.09322<\/td>\n                    <td style=\"\"><\/td>\n                    <td style=\"\">1.677<\/td>\n                    <td style=\"\">1.826<\/td>\n                    <td style=\"\">2.022<\/td>\n                    <td style=\"\">+<\/td>\n            <\/tr>\n            <tr id=\"table_73_row_34\">\n                    <td style=\"\">\u0160vaj\u010diarsko<\/td>\n                    <td style=\"\">CHF<\/td>\n                    <td style=\"\">1.10710<\/td>\n                    <td style=\"\"><\/td>\n                    <td style=\"\">1.982<\/td>\n                    <td style=\"\">2.103<\/td>\n                    <td style=\"\">2.203<\/td>\n                    <td style=\"\">+<\/td>\n            <\/tr>\n    <\/tbody>        <!-- \/Table body -->\n\n        \n    <\/table>\n\n        \n<\/div><style>\n<\/style>\n<style>\n            \/* th background color *\/\n    .wpdt-c.wpDataTablesWrapper table.wpdtSimpleTable.bt[data-has-header='1'] td.wpdt-header-classes,\n    .wpdt-c.wpDataTablesWrapper table.wpdtSimpleTable thead th,\n    .wpdt-c .wpDataTablesWrapper table.wpDataTable thead th,\n    .wpdt-c .wpDataTablesWrapper table.wpDataTable thead th.sorting {\n        background-color: #EDCF10 !important;\n        background-image: none !important;\n    }\n            \/* th border color *\/\n    .wpdt-c.wpDataTablesWrapper table.wpdtSimpleTable thead tr > th{\n        border-bottom-color: #000000 !important;\n        border-right-color: #000000 !important;\n        border-top-color: #000000 !important;\n        border-left-color: #000000 !important;\n    }\n    .wpdt-c .wpDataTablesWrapper table.wpDataTable thead th,\n    .wpdt-c .wpDataTablesWrapper table.wpDataTable thead th.sorting {\n        border-color: #000000 !important;\n    }\n            \/* th font color *\/\n    .wpdt-c.wpDataTablesWrapper table.wpdtSimpleTable.bt[data-has-header='1'] td.wpdt-header-classes,\n    .wpdt-c.wpDataTablesWrapper table.wpdtSimpleTable thead th,\n    .wpdt-c .wpDataTablesWrapper table.wpDataTable thead th {\n        color: #000000 !important;\n    }\n    .wpdt-c .wpDataTablesWrapper table.wpDataTable thead th.sorting:after,\n    .wpdt-c .wpDataTablesWrapper table.wpDataTable thead th.sorting_asc:after {\n        border-bottom-color: #000000 !important;\n    }\n    .wpdt-c .wpDataTablesWrapper table.wpDataTable thead th.sorting_desc:after {\n        border-top-color: #000000 !important;\n    }\n            \/* th active\/hover background color *\/\n    .wpdt-c .wpDataTablesWrapper table.wpDataTable thead th.sorting_asc,\n    .wpdt-c .wpDataTablesWrapper table.wpDataTable thead th.sorting_desc,\n    .wpdt-c .wpDataTablesWrapper table.wpDataTable thead th.sorting:hover,\n    .wpdt-c .wpDataTablesWrapper table.wpDataTable.wpdtSimpleTable thead th:hover,\n    .wpdt-c.wpDataTablesWrapper table.wpDataTable.wpdtSimpleTable thead th:hover {\n        background-color: #FFC107 !important;\n        background-image: none !important;\n    }\n    \n            \/* table outer border color *\/\n    .wpdt-c.wpDataTablesWrapper table.wpdtSimpleTable tr:last-child td,\n    .wpdt-c.wpDataTablesWrapper table.wpdtSimpleTable tr:last-child td.wpdt-merged-cell:last-child,\n    .wpdt-c.wpDataTablesWrapper table.wpdtSimpleTable tr:last-child td.wpdt-merged-cell,\n    .wpdt-c .wpDataTablesWrapper table.wpDataTable tr:last-child td {\n        border-bottom-color: #000000 !important;\n    }\n    .wpdt-c.wpDataTablesWrapper table.wpdtSimpleTable tr td:first-child,\n    .wpdt-c .wpDataTablesWrapper table.wpDataTable tr td:first-child {\n        border-left-color: #000000 !important;\n    }\n    .wpdt-c.wpDataTablesWrapper table.wpdtSimpleTable tr td:last-child,\n    .wpdt-c.wpDataTablesWrapper table.wpdtSimpleTable tr td.wpdt-merged-cell:last-child,\n    .wpdt-c .wpDataTablesWrapper table.wpDataTable tr td:last-child {\n        border-right-color: #000000 !important;\n    }\n                                            \/* even rows background color *\/\n    .wpdt-c.wpDataTablesWrapper table.wpdtSimpleTable tr.even td,\n    .wpdt-c .wpDataTablesWrapper table.wpDataTable tr.even td,\n    .wpdt-c .wpDataTablesWrapper table.has-columns-hidden tr.row-detail > td {\n        background-color: #F8E880 !important;\n    }\n                                    \n                <\/style>\n\n\n\n\n<p><a href=\"https:\/\/www.uamksr.sk\/uamk\/category\/ceny-pohonnych-latok\">Ceny PHM v predch\u00e1dzaj\u00facich obdobiach <\/a><\/p>\n","protected":false},"excerpt":{"rendered":"<p>Ceny PHM v predch\u00e1dzaj\u00facich obdobiach<\/p>\n","protected":false},"author":1,"featured_media":3309,"parent":0,"menu_order":0,"comment_status":"closed","ping_status":"closed","template":"","meta":{"footnotes":""},"class_list":["post-2217","page","type-page","status-publish","has-post-thumbnail","hentry"],"_links":{"self":[{"href":"https:\/\/www.uamksr.sk\/uamk\/wp-json\/wp\/v2\/pages\/2217","targetHints":{"allow":["GET"]}}],"collection":[{"href":"https:\/\/www.uamksr.sk\/uamk\/wp-json\/wp\/v2\/pages"}],"about":[{"href":"https:\/\/www.uamksr.sk\/uamk\/wp-json\/wp\/v2\/types\/page"}],"author":[{"embeddable":true,"href":"https:\/\/www.uamksr.sk\/uamk\/wp-json\/wp\/v2\/users\/1"}],"replies":[{"embeddable":true,"href":"https:\/\/www.uamksr.sk\/uamk\/wp-json\/wp\/v2\/comments?post=2217"}],"version-history":[{"count":28,"href":"https:\/\/www.uamksr.sk\/uamk\/wp-json\/wp\/v2\/pages\/2217\/revisions"}],"predecessor-version":[{"id":2548,"href":"https:\/\/www.uamksr.sk\/uamk\/wp-json\/wp\/v2\/pages\/2217\/revisions\/2548"}],"wp:featuredmedia":[{"embeddable":true,"href":"https:\/\/www.uamksr.sk\/uamk\/wp-json\/wp\/v2\/media\/3309"}],"wp:attachment":[{"href":"https:\/\/www.uamksr.sk\/uamk\/wp-json\/wp\/v2\/media?parent=2217"}],"curies":[{"name":"wp","href":"https:\/\/api.w.org\/{rel}","templated":true}]}}