{"id":2190,"date":"2026-03-01T21:34:34","date_gmt":"2026-03-01T20:34:34","guid":{"rendered":"https:\/\/www.uamksr.sk\/uamk\/?page_id=2190"},"modified":"2026-03-11T14:56:01","modified_gmt":"2026-03-11T13:56:01","slug":"clenstvo_uamk","status":"publish","type":"page","link":"https:\/\/www.uamksr.sk\/uamk\/clenstvo_uamk","title":{"rendered":"\u010clenstvo v \u00daAMK SR"},"content":{"rendered":"\n<p class=\"has-background has-medium-font-size\" style=\"background-color:#edcf10\"><strong>M\u00e1\u0161 vodi\u010dsk\u00fd preukaz a r\u00e1d jazd\u00ed\u0161? <\/strong><\/p>\n\n\n\n<p>\u00dastredn\u00fd automotoklub Slovensk\u00e1 republika prin\u00e1\u0161a v\u00fdhody pre ka\u017ed\u00e9ho vodi\u010da, ktor\u00fd si chce jazdenie u\u017ei\u0165 naplno, sta\u010d\u00ed sa sta\u0165 dr\u017eite\u013eom \u010dlenskej karty \u00daAMK SR.<\/p>\n\n\n\n<p><strong>\u010clensk\u00e1 karta je pln\u00e1 exkluz\u00edvnych v\u00fdhod,<\/strong>\u00a0ktor\u00e9 ocenia vodi\u010di aj ich rodiny po\u010das cel\u00e9ho roka. \u00a0Z\u00eds\u0165 sa v\u0161ak m\u00f4\u017ee \u00a0<strong>24-hodinov\u00fd dispe\u010ding cestnej slu\u017eby,<\/strong>\u00a0z\u013eava na\u00a0<strong>od\u0165ahov\u00fa slu\u017ebu<\/strong>\u00a0a pneuservis, ale aj\u00a0<strong>v\u00fdhodn\u00e9 z\u013eavy na ubytovanie<\/strong>\u00a0po celom Slovensku. V\u0161etky v\u00fdhody a z\u013eavy n\u00e1jde\u0161 <a href=\"https:\/\/www.uamksr.sk\/uamk\/zlavy-pre-clenov-uamk-sr\">tu.<\/a><\/p>\n\n\n\n<p><strong>Sta\u0148 sa \u010dlenom \u00daAMK, z\u00edskaj alebo daruj \u010dlensk\u00fa kartu a vyu\u017e\u00edvaj u\u017eito\u010dn\u00e9 v\u00fdhody a z\u013eavy, aby \u0165a na tvojich cest\u00e1ch ni\u010d nezasko\u010dilo!<\/strong><\/p>\n\n\n\n<div class=\"wp-block-group is-layout-grid wp-container-core-group-is-layout-9649a0d9 wp-block-group-is-layout-grid\">\n<figure class=\"wp-block-image size-full\"><img loading=\"lazy\" decoding=\"async\" width=\"394\" height=\"394\" src=\"https:\/\/www.uamksr.sk\/uamk\/wp-content\/uploads\/2026\/03\/logo-clenstvo2.png\" alt=\"\" class=\"wp-image-1865\" srcset=\"https:\/\/www.uamksr.sk\/uamk\/wp-content\/uploads\/2026\/03\/logo-clenstvo2.png 394w, https:\/\/www.uamksr.sk\/uamk\/wp-content\/uploads\/2026\/03\/logo-clenstvo2-300x300.png 300w, https:\/\/www.uamksr.sk\/uamk\/wp-content\/uploads\/2026\/03\/logo-clenstvo2-150x150.png 150w, https:\/\/www.uamksr.sk\/uamk\/wp-content\/uploads\/2026\/03\/logo-clenstvo2-200x200.png 200w, https:\/\/www.uamksr.sk\/uamk\/wp-content\/uploads\/2026\/03\/logo-clenstvo2-225x225.png 225w\" sizes=\"auto, (max-width: 394px) 100vw, 394px\" \/><\/figure>\n\n\n\n<figure class=\"wp-block-image size-full\"><img loading=\"lazy\" decoding=\"async\" width=\"394\" height=\"394\" src=\"https:\/\/www.uamksr.sk\/uamk\/wp-content\/uploads\/2026\/03\/logo-spolocenske-podujatia2.png\" alt=\"\" class=\"wp-image-1866\" srcset=\"https:\/\/www.uamksr.sk\/uamk\/wp-content\/uploads\/2026\/03\/logo-spolocenske-podujatia2.png 394w, https:\/\/www.uamksr.sk\/uamk\/wp-content\/uploads\/2026\/03\/logo-spolocenske-podujatia2-300x300.png 300w, https:\/\/www.uamksr.sk\/uamk\/wp-content\/uploads\/2026\/03\/logo-spolocenske-podujatia2-150x150.png 150w, https:\/\/www.uamksr.sk\/uamk\/wp-content\/uploads\/2026\/03\/logo-spolocenske-podujatia2-200x200.png 200w, https:\/\/www.uamksr.sk\/uamk\/wp-content\/uploads\/2026\/03\/logo-spolocenske-podujatia2-225x225.png 225w\" sizes=\"auto, (max-width: 394px) 100vw, 394px\" \/><\/figure>\n\n\n\n<figure class=\"wp-block-image size-full\"><img loading=\"lazy\" decoding=\"async\" width=\"394\" height=\"394\" src=\"https:\/\/www.uamksr.sk\/uamk\/wp-content\/uploads\/2026\/03\/logo-zlavy2.png\" alt=\"\" class=\"wp-image-1863\" srcset=\"https:\/\/www.uamksr.sk\/uamk\/wp-content\/uploads\/2026\/03\/logo-zlavy2.png 394w, https:\/\/www.uamksr.sk\/uamk\/wp-content\/uploads\/2026\/03\/logo-zlavy2-300x300.png 300w, https:\/\/www.uamksr.sk\/uamk\/wp-content\/uploads\/2026\/03\/logo-zlavy2-150x150.png 150w, https:\/\/www.uamksr.sk\/uamk\/wp-content\/uploads\/2026\/03\/logo-zlavy2-200x200.png 200w, https:\/\/www.uamksr.sk\/uamk\/wp-content\/uploads\/2026\/03\/logo-zlavy2-225x225.png 225w\" sizes=\"auto, (max-width: 394px) 100vw, 394px\" \/><\/figure>\n\n\n\n<figure class=\"wp-block-image size-full\"><img loading=\"lazy\" decoding=\"async\" width=\"394\" height=\"394\" src=\"https:\/\/www.uamksr.sk\/uamk\/wp-content\/uploads\/2026\/03\/logo-novinky2.png\" alt=\"\" class=\"wp-image-1864\" srcset=\"https:\/\/www.uamksr.sk\/uamk\/wp-content\/uploads\/2026\/03\/logo-novinky2.png 394w, https:\/\/www.uamksr.sk\/uamk\/wp-content\/uploads\/2026\/03\/logo-novinky2-300x300.png 300w, https:\/\/www.uamksr.sk\/uamk\/wp-content\/uploads\/2026\/03\/logo-novinky2-150x150.png 150w, https:\/\/www.uamksr.sk\/uamk\/wp-content\/uploads\/2026\/03\/logo-novinky2-200x200.png 200w, https:\/\/www.uamksr.sk\/uamk\/wp-content\/uploads\/2026\/03\/logo-novinky2-225x225.png 225w\" sizes=\"auto, (max-width: 394px) 100vw, 394px\" \/><\/figure>\n<\/div>\n\n\n\n<div class=\"wp-block-group is-layout-grid wp-container-core-group-is-layout-9649a0d9 wp-block-group-is-layout-grid\">\n<p class=\"has-text-align-center\">\u010clenstvo v \u00daAMK SR<\/p>\n\n\n\n<p class=\"has-text-align-center\">Spolo\u010densk\u00e9 podujatia  po celom Slovensku<\/p>\n\n\n\n<p class=\"has-text-align-center\">Z\u013eavy a\u017e do 20% u vybran\u00fdch partnerov<\/p>\n\n\n\n<p class=\"has-text-align-center\">Novinky a aktuality zo sveta automobilov, dopravy a cestovania<\/p>\n<\/div>\n\n\n\n<div class=\"wp-block-columns is-layout-flex wp-container-core-columns-is-layout-9d6595d7 wp-block-columns-is-layout-flex\">\n<div class=\"wp-block-column is-layout-flow wp-block-column-is-layout-flow\">\n<div class=\"wp-block-buttons is-content-justification-center is-layout-flex wp-container-core-buttons-is-layout-16018d1d wp-block-buttons-is-layout-flex\">\n<div class=\"wp-block-button\"><a class=\"wp-block-button__link has-black-color has-text-color has-background has-link-color wp-element-button\" href=\"https:\/\/www.uamksr.sk\/uamk\/prihlaska-za-clena\" style=\"background-color:#edcf10\">Chcem \u010dlensk\u00fd preukaz &#8211; prihl\u00e1\u0161ka za \u010dlena<\/a><\/div>\n<\/div>\n<\/div>\n\n\n\n<div class=\"wp-block-column is-layout-flow wp-block-column-is-layout-flow\">\n<div class=\"wp-block-buttons is-content-justification-center is-layout-flex wp-container-core-buttons-is-layout-16018d1d wp-block-buttons-is-layout-flex\">\n<div class=\"wp-block-button\"><a class=\"wp-block-button__link has-black-color has-text-color has-background has-link-color wp-element-button\" href=\"https:\/\/www.uamksr.sk\/uamk\/prihlaska-za-clena-po\" style=\"background-color:#edcf10\">Prihl\u00e1\u0161ka za \u010dlena  &#8211; pr\u00e1vnick\u00e1 osoba<\/a><\/div>\n<\/div>\n<\/div>\n<\/div>\n\n\n\n<div class=\"wp-block-buttons is-content-justification-center is-layout-flex wp-container-core-buttons-is-layout-16018d1d wp-block-buttons-is-layout-flex\">\n<div class=\"wp-block-button\"><a class=\"wp-block-button__link has-black-color has-text-color has-background has-link-color wp-element-button\" href=\"https:\/\/www.uamksr.sk\/uamk\/poistenie\" style=\"background-color:#edcf10\">Inform\u00e1cia o poisten\u00ed<\/a><\/div>\n<\/div>\n\n\n\n<p><\/p>\n","protected":false},"excerpt":{"rendered":"<p>M\u00e1\u0161 vodi\u010dsk\u00fd preukaz a r\u00e1d jazd\u00ed\u0161? \u00dastredn\u00fd automotoklub Slovensk\u00e1 republika prin\u00e1\u0161a v\u00fdhody pre ka\u017ed\u00e9ho vodi\u010da, ktor\u00fd si chce jazdenie u\u017ei\u0165 naplno, sta\u010d\u00ed sa sta\u0165 dr\u017eite\u013eom \u010dlenskej karty \u00daAMK SR. \u010clensk\u00e1 karta je pln\u00e1 exkluz\u00edvnych v\u00fdhod,\u00a0ktor\u00e9 ocenia vodi\u010di aj ich rodiny po\u010das cel\u00e9ho roka. \u00a0Z\u00eds\u0165 sa v\u0161ak m\u00f4\u017ee \u00a024-hodinov\u00fd dispe\u010ding cestnej slu\u017eby,\u00a0z\u013eava na\u00a0od\u0165ahov\u00fa slu\u017ebu\u00a0a pneuservis, ale &hellip;<br \/><a href=\"https:\/\/www.uamksr.sk\/uamk\/clenstvo_uamk\" class=\"more-link pen_button pen_element_default pen_icon_arrow_double\">\u010c\u00edta\u0165 \u010falej <span class=\"screen-reader-text\">\u010clenstvo v \u00daAMK SR<\/span><\/a><\/p>\n","protected":false},"author":1,"featured_media":0,"parent":0,"menu_order":0,"comment_status":"closed","ping_status":"closed","template":"","meta":{"footnotes":""},"class_list":["post-2190","page","type-page","status-publish","hentry"],"_links":{"self":[{"href":"https:\/\/www.uamksr.sk\/uamk\/wp-json\/wp\/v2\/pages\/2190","targetHints":{"allow":["GET"]}}],"collection":[{"href":"https:\/\/www.uamksr.sk\/uamk\/wp-json\/wp\/v2\/pages"}],"about":[{"href":"https:\/\/www.uamksr.sk\/uamk\/wp-json\/wp\/v2\/types\/page"}],"author":[{"embeddable":true,"href":"https:\/\/www.uamksr.sk\/uamk\/wp-json\/wp\/v2\/users\/1"}],"replies":[{"embeddable":true,"href":"https:\/\/www.uamksr.sk\/uamk\/wp-json\/wp\/v2\/comments?post=2190"}],"version-history":[{"count":1,"href":"https:\/\/www.uamksr.sk\/uamk\/wp-json\/wp\/v2\/pages\/2190\/revisions"}],"predecessor-version":[{"id":2191,"href":"https:\/\/www.uamksr.sk\/uamk\/wp-json\/wp\/v2\/pages\/2190\/revisions\/2191"}],"wp:attachment":[{"href":"https:\/\/www.uamksr.sk\/uamk\/wp-json\/wp\/v2\/media?parent=2190"}],"curies":[{"name":"wp","href":"https:\/\/api.w.org\/{rel}","templated":true}]}}