{"id":2149,"date":"2026-03-10T18:00:34","date_gmt":"2026-03-10T17:00:34","guid":{"rendered":"https:\/\/www.uamksr.sk\/uamk\/?page_id=2149"},"modified":"2026-03-19T15:11:52","modified_gmt":"2026-03-19T14:11:52","slug":"preco-inzerovat-a-podporit-tak-ustredny-automotoklub-slovenska-republika","status":"publish","type":"page","link":"https:\/\/www.uamksr.sk\/uamk\/preco-inzerovat-a-podporit-tak-ustredny-automotoklub-slovenska-republika","title":{"rendered":"Pre\u010do inzerova\u0165 a podpori\u0165 tak \u00dastredn\u00fd automotoklub Slovensk\u00e1 republika"},"content":{"rendered":"\n<h2 class=\"wp-block-heading\"><\/h2>\n\n\n\n<p>Pon\u00fakame V\u00e1m mo\u017enos\u0165 umiestnenia reklamy na str\u00e1nke \u00dastredn\u00e9ho automotoklubu Slovensk\u00e1 republika (<strong>\u00daAMK<\/strong>). <\/p>\n\n\n\n<p>Upozornite na svoje produkty a slu\u017eby v komunite motoristov na na\u0161om webe.\u00a0Reklamou oslov\u00edte nov\u00fdch z\u00e1kazn\u00edkov a pom\u00f4\u017eete im pri ich v\u00fdbere. Prostredn\u00edctvom na\u0161ej str\u00e1nky sa o V\u00e1s dozvie \u0161irok\u00e1 motoristick\u00e1 , ale aj nemotoristick\u00e1 verejnos\u0165.<\/p>\n\n\n\n<p>Vyu\u017eite jedine\u010dn\u00fa mo\u017enos\u0165 zauja\u0165 reklamou na str\u00e1nke \u00dastredn\u00e9ho automotoklubu Slovensk\u00e1 republika \u0161irok\u00fd okruh z\u00e1kazn\u00edkov.<\/p>\n\n\n\n<p>Sta\u010d\u00ed vyplni\u0165 kontaktn\u00fd formul\u00e1r a my sa V\u00e1m ozveme s ponukou na inzerciu. Z\u00e1rove\u0148 V\u00e1m po\u0161leme cenov\u00fa ponuku reklamn\u00e9ho priestoru na na\u0161ej str\u00e1nke.<\/p>\n\n\n\n<p>Parametre pre grafick\u00e9 podklady n\u00e1jdete na nasleduj\u00facom odkaze:&nbsp;<a href=\"https:\/\/www.uamksr.sk\/uamk\/inzercia\">Inzercia<\/a><\/p>\n","protected":false},"excerpt":{"rendered":"<p>Pon\u00fakame V\u00e1m mo\u017enos\u0165 umiestnenia reklamy na str\u00e1nke \u00dastredn\u00e9ho automotoklubu Slovensk\u00e1 republika (\u00daAMK). Upozornite na svoje produkty a slu\u017eby v komunite motoristov na na\u0161om webe.\u00a0Reklamou oslov\u00edte nov\u00fdch z\u00e1kazn\u00edkov a pom\u00f4\u017eete im pri ich v\u00fdbere. Prostredn\u00edctvom na\u0161ej str\u00e1nky sa o V\u00e1s dozvie \u0161irok\u00e1 motoristick\u00e1 , ale aj nemotoristick\u00e1 verejnos\u0165. Vyu\u017eite jedine\u010dn\u00fa mo\u017enos\u0165 zauja\u0165 reklamou na str\u00e1nke \u00dastredn\u00e9ho &hellip;<br \/><a href=\"https:\/\/www.uamksr.sk\/uamk\/preco-inzerovat-a-podporit-tak-ustredny-automotoklub-slovenska-republika\" class=\"more-link pen_button pen_element_default pen_icon_arrow_double\">\u010c\u00edta\u0165 \u010falej <span class=\"screen-reader-text\">Pre\u010do inzerova\u0165 a podpori\u0165 tak \u00dastredn\u00fd automotoklub Slovensk\u00e1 republika<\/span><\/a><\/p>\n","protected":false},"author":1,"featured_media":0,"parent":0,"menu_order":0,"comment_status":"closed","ping_status":"closed","template":"","meta":{"footnotes":""},"class_list":["post-2149","page","type-page","status-publish","hentry"],"_links":{"self":[{"href":"https:\/\/www.uamksr.sk\/uamk\/wp-json\/wp\/v2\/pages\/2149","targetHints":{"allow":["GET"]}}],"collection":[{"href":"https:\/\/www.uamksr.sk\/uamk\/wp-json\/wp\/v2\/pages"}],"about":[{"href":"https:\/\/www.uamksr.sk\/uamk\/wp-json\/wp\/v2\/types\/page"}],"author":[{"embeddable":true,"href":"https:\/\/www.uamksr.sk\/uamk\/wp-json\/wp\/v2\/users\/1"}],"replies":[{"embeddable":true,"href":"https:\/\/www.uamksr.sk\/uamk\/wp-json\/wp\/v2\/comments?post=2149"}],"version-history":[{"count":3,"href":"https:\/\/www.uamksr.sk\/uamk\/wp-json\/wp\/v2\/pages\/2149\/revisions"}],"predecessor-version":[{"id":3148,"href":"https:\/\/www.uamksr.sk\/uamk\/wp-json\/wp\/v2\/pages\/2149\/revisions\/3148"}],"wp:attachment":[{"href":"https:\/\/www.uamksr.sk\/uamk\/wp-json\/wp\/v2\/media?parent=2149"}],"curies":[{"name":"wp","href":"https:\/\/api.w.org\/{rel}","templated":true}]}}