{"id":2147,"date":"2026-03-10T17:56:46","date_gmt":"2026-03-10T16:56:46","guid":{"rendered":"https:\/\/www.uamksr.sk\/uamk\/?page_id=2147"},"modified":"2026-03-10T17:56:47","modified_gmt":"2026-03-10T16:56:47","slug":"cookies","status":"publish","type":"page","link":"https:\/\/www.uamksr.sk\/uamk\/cookies","title":{"rendered":"Cookies"},"content":{"rendered":"\n<p>S cie\u013eom ubezpe\u010di\u0165 sa, \u017ee webov\u00e1 str\u00e1nka bude riadne fungova\u0165 pre ka\u017ed\u00e9ho n\u00e1v\u0161tevn\u00edka je niekedy potrebn\u00e9 na jeho zariaden\u00ed uklada\u0165 drobn\u00e9 s\u00fabory s n\u00e1zvom cookies, tieto s\u00fabory obsahuj\u00fa text.<\/p>\n\n\n\n<p>Je to be\u017en\u00e9 a t\u00fato mo\u017enos\u0165 vyu\u017e\u00edva ve\u013ek\u00e9 mno\u017estvo webov\u00fdch str\u00e1nok.<\/p>\n\n\n\n<p>V\u010faka s\u00faborom cookies je mo\u017en\u00e9 napr\u00edklad to aby si o v\u00e1s prehliada\u010d na nejak\u00fd \u010das zapam\u00e4tal z\u00e1kladne inform\u00e1cie a pri va\u0161ej najbli\u017e\u0161ej n\u00e1v\u0161teve ste u\u017e nemuseli ur\u010dit\u00e9 \u00fadaje zad\u00e1va\u0165.<\/p>\n\n\n\n<p>Na\u0161a webov\u00e1 lokalita vyu\u017e\u00edva s\u00fabory cookies napr\u00edklad pre monitorovanie n\u00e1v\u0161tevnosti tejto lokality pomocou n\u00e1stroja Google Analytics.<\/p>\n\n\n\n<p>S\u00fabory cookies m\u00f4\u017eete kedyko\u013evek vymaza\u0165, viac inform\u00e1ci\u00ed o s\u00faboroch cookies&nbsp; n\u00e1jdete na&nbsp;&nbsp;<a href=\"http:\/\/www.aboutcookies.org\/\">www.aboutcookies.org<\/a><\/p>\n","protected":false},"excerpt":{"rendered":"<p>S cie\u013eom ubezpe\u010di\u0165 sa, \u017ee webov\u00e1 str\u00e1nka bude riadne fungova\u0165 pre ka\u017ed\u00e9ho n\u00e1v\u0161tevn\u00edka je niekedy potrebn\u00e9 na jeho zariaden\u00ed uklada\u0165 drobn\u00e9 s\u00fabory s n\u00e1zvom cookies, tieto s\u00fabory obsahuj\u00fa text. Je to be\u017en\u00e9 a t\u00fato mo\u017enos\u0165 vyu\u017e\u00edva ve\u013ek\u00e9 mno\u017estvo webov\u00fdch str\u00e1nok. V\u010faka s\u00faborom cookies je mo\u017en\u00e9 napr\u00edklad to aby si o v\u00e1s prehliada\u010d na nejak\u00fd \u010das &hellip;<br \/><a href=\"https:\/\/www.uamksr.sk\/uamk\/cookies\" class=\"more-link pen_button pen_element_default pen_icon_arrow_double\">\u010c\u00edta\u0165 \u010falej <span class=\"screen-reader-text\">Cookies<\/span><\/a><\/p>\n","protected":false},"author":1,"featured_media":0,"parent":0,"menu_order":0,"comment_status":"closed","ping_status":"closed","template":"","meta":{"footnotes":""},"class_list":["post-2147","page","type-page","status-publish","hentry"],"_links":{"self":[{"href":"https:\/\/www.uamksr.sk\/uamk\/wp-json\/wp\/v2\/pages\/2147","targetHints":{"allow":["GET"]}}],"collection":[{"href":"https:\/\/www.uamksr.sk\/uamk\/wp-json\/wp\/v2\/pages"}],"about":[{"href":"https:\/\/www.uamksr.sk\/uamk\/wp-json\/wp\/v2\/types\/page"}],"author":[{"embeddable":true,"href":"https:\/\/www.uamksr.sk\/uamk\/wp-json\/wp\/v2\/users\/1"}],"replies":[{"embeddable":true,"href":"https:\/\/www.uamksr.sk\/uamk\/wp-json\/wp\/v2\/comments?post=2147"}],"version-history":[{"count":1,"href":"https:\/\/www.uamksr.sk\/uamk\/wp-json\/wp\/v2\/pages\/2147\/revisions"}],"predecessor-version":[{"id":2148,"href":"https:\/\/www.uamksr.sk\/uamk\/wp-json\/wp\/v2\/pages\/2147\/revisions\/2148"}],"wp:attachment":[{"href":"https:\/\/www.uamksr.sk\/uamk\/wp-json\/wp\/v2\/media?parent=2147"}],"curies":[{"name":"wp","href":"https:\/\/api.w.org\/{rel}","templated":true}]}}