{"id":200,"date":"2026-02-06T17:46:04","date_gmt":"2026-02-06T16:46:04","guid":{"rendered":"https:\/\/www.uamksr.sk\/uamk\/?page_id=200"},"modified":"2026-02-26T09:54:47","modified_gmt":"2026-02-26T08:54:47","slug":"inzercia","status":"publish","type":"page","link":"https:\/\/www.uamksr.sk\/uamk\/inzercia","title":{"rendered":"Inzercia"},"content":{"rendered":"\n<h2 class=\"wp-block-heading\">Inzercia \u2013 Marketingov\u00e1 spolupr\u00e1ca<\/h2>\n\n\n\n<p>\u00dastredn\u00fd automotoklub Slovensk\u00e1 republika pon\u00faka v r\u00e1mci marketingovej podpory podnikate\u013eom v oblasti slu\u017eieb motorizmu, \u0161portu, ubytovac\u00edch slu\u017eieb a slu\u017eieb v oblasti cestovn\u00e9ho ruchu zverejnenia&nbsp; reklamn\u00fdch bannerov alebo komplexn\u00e9ho reklamn\u00e9ho \u010dl\u00e1nku ur\u010den\u00e9ho \u0161irokej motoristickej verejnosti. Sledovanos\u0165 na\u0161ich str\u00e1nok na soci\u00e1lnych sie\u0165ach a na webe dosahuje viac ako&nbsp; 4,5 mili\u00f3na&nbsp; pozret\u00ed mesa\u010dne.<\/p>\n\n\n\n<h4 class=\"wp-block-heading\">&nbsp;<\/h4>\n\n\n\n<h4 class=\"wp-block-heading\">\u010co pon\u00fakame v&nbsp;r\u00e1mci marketingovej podpory ?<\/h4>\n\n\n\n<p><strong>Reklamn\u00fd \u010dl\u00e1nok s bannerom \u2013 titulnou fotkou<\/strong>&nbsp;(bannerom 1200 x 800 alebo 1200 x 675 pixelov) s mo\u017enos\u0165ou zverejnenia \u010fal\u0161\u00edch 10-15 fotografii (1200\u00d7800 pixelov)v r\u00e1mci tohto \u010dl\u00e1nku. \u010cl\u00e1nok sa m\u00f4\u017ee t\u00fdka\u0165 poskytovan\u00fdch slu\u017eieb, pr\u00edpadne tovaru alebo v\u00fdrobku.&nbsp;<\/p>\n\n\n\n<p>alebo <strong>reklamn\u00e9 bannery <\/strong>na na\u0161ich str\u00e1nkach rozmaru 1200 x 800 pixelov<\/p>\n\n\n\n<figure class=\"wp-block-image size-full is-resized\"><img loading=\"lazy\" decoding=\"async\" width=\"1200\" height=\"800\" src=\"https:\/\/www.uamksr.sk\/uamk\/wp-content\/uploads\/2026\/02\/reklama-banner-1200x800-1.jpg\" alt=\"\" class=\"wp-image-199\" style=\"width:929px;height:auto\" srcset=\"https:\/\/www.uamksr.sk\/uamk\/wp-content\/uploads\/2026\/02\/reklama-banner-1200x800-1.jpg 1200w, https:\/\/www.uamksr.sk\/uamk\/wp-content\/uploads\/2026\/02\/reklama-banner-1200x800-1-300x200.jpg 300w, https:\/\/www.uamksr.sk\/uamk\/wp-content\/uploads\/2026\/02\/reklama-banner-1200x800-1-150x100.jpg 150w, https:\/\/www.uamksr.sk\/uamk\/wp-content\/uploads\/2026\/02\/reklama-banner-1200x800-1-768x512.jpg 768w, https:\/\/www.uamksr.sk\/uamk\/wp-content\/uploads\/2026\/02\/reklama-banner-1200x800-1-100x67.jpg 100w\" sizes=\"auto, (max-width: 1200px) 100vw, 1200px\" \/><\/figure>\n\n\n\n<p>alebo 1200 x 675 pixelov<\/p>\n\n\n\n<figure class=\"wp-block-image size-full is-resized\"><img loading=\"lazy\" decoding=\"async\" width=\"1200\" height=\"675\" src=\"https:\/\/www.uamksr.sk\/uamk\/wp-content\/uploads\/2026\/02\/reklama-banner-1200x675-1.jpg\" alt=\"\" class=\"wp-image-198\" style=\"width:923px;height:auto\" srcset=\"https:\/\/www.uamksr.sk\/uamk\/wp-content\/uploads\/2026\/02\/reklama-banner-1200x675-1.jpg 1200w, https:\/\/www.uamksr.sk\/uamk\/wp-content\/uploads\/2026\/02\/reklama-banner-1200x675-1-300x169.jpg 300w, https:\/\/www.uamksr.sk\/uamk\/wp-content\/uploads\/2026\/02\/reklama-banner-1200x675-1-150x84.jpg 150w, https:\/\/www.uamksr.sk\/uamk\/wp-content\/uploads\/2026\/02\/reklama-banner-1200x675-1-768x432.jpg 768w, https:\/\/www.uamksr.sk\/uamk\/wp-content\/uploads\/2026\/02\/reklama-banner-1200x675-1-100x56.jpg 100w\" sizes=\"auto, (max-width: 1200px) 100vw, 1200px\" \/><\/figure>\n\n\n\n<p>T\u00fdchto reklamn\u00fdch bannerov m\u00f4\u017ee by\u0165 na str\u00e1nkach viac alebo  <strong>exluz\u00edvne len jeden reklamn\u00fd banner<\/strong><\/p>\n\n\n\n<p>&#8230; pr\u00edpadne <strong>bo\u010dn\u00fd banner <\/strong><\/p>\n\n\n\n<figure class=\"wp-block-image size-full\"><img loading=\"lazy\" decoding=\"async\" width=\"400\" height=\"675\" src=\"https:\/\/www.uamksr.sk\/uamk\/wp-content\/uploads\/2026\/02\/reklama-banner-400x675-1.jpg\" alt=\"\" class=\"wp-image-197\" srcset=\"https:\/\/www.uamksr.sk\/uamk\/wp-content\/uploads\/2026\/02\/reklama-banner-400x675-1.jpg 400w, https:\/\/www.uamksr.sk\/uamk\/wp-content\/uploads\/2026\/02\/reklama-banner-400x675-1-178x300.jpg 178w, https:\/\/www.uamksr.sk\/uamk\/wp-content\/uploads\/2026\/02\/reklama-banner-400x675-1-89x150.jpg 89w, https:\/\/www.uamksr.sk\/uamk\/wp-content\/uploads\/2026\/02\/reklama-banner-400x675-1-100x169.jpg 100w\" sizes=\"auto, (max-width: 400px) 100vw, 400px\" \/><\/figure>\n\n\n\n<ul class=\"wp-block-list\">\n<li><\/li>\n<\/ul>\n\n\n\n<p>V pr\u00edpade V\u00e1\u0161ho z\u00e1ujmu kontaktujte na\u0161e marketingov\u00e9 oddelenie <a href=\"mailto:lea@uamk.sk\">lea@uamk.sk<\/a> <\/p>\n\n\n\n<p><\/p>\n","protected":false},"excerpt":{"rendered":"<p>Inzercia \u2013 Marketingov\u00e1 spolupr\u00e1ca \u00dastredn\u00fd automotoklub Slovensk\u00e1 republika pon\u00faka v r\u00e1mci marketingovej podpory podnikate\u013eom v oblasti slu\u017eieb motorizmu, \u0161portu, ubytovac\u00edch slu\u017eieb a slu\u017eieb v oblasti cestovn\u00e9ho ruchu zverejnenia&nbsp; reklamn\u00fdch bannerov alebo komplexn\u00e9ho reklamn\u00e9ho \u010dl\u00e1nku ur\u010den\u00e9ho \u0161irokej motoristickej verejnosti. Sledovanos\u0165 na\u0161ich str\u00e1nok na soci\u00e1lnych sie\u0165ach a na webe dosahuje viac ako&nbsp; 4,5 mili\u00f3na&nbsp; pozret\u00ed mesa\u010dne. &nbsp; &hellip;<br \/><a href=\"https:\/\/www.uamksr.sk\/uamk\/inzercia\" class=\"more-link pen_button pen_element_default pen_icon_arrow_double\">\u010c\u00edta\u0165 \u010falej <span class=\"screen-reader-text\">Inzercia<\/span><\/a><\/p>\n","protected":false},"author":1,"featured_media":0,"parent":0,"menu_order":0,"comment_status":"closed","ping_status":"closed","template":"","meta":{"footnotes":""},"class_list":["post-200","page","type-page","status-publish","hentry"],"_links":{"self":[{"href":"https:\/\/www.uamksr.sk\/uamk\/wp-json\/wp\/v2\/pages\/200","targetHints":{"allow":["GET"]}}],"collection":[{"href":"https:\/\/www.uamksr.sk\/uamk\/wp-json\/wp\/v2\/pages"}],"about":[{"href":"https:\/\/www.uamksr.sk\/uamk\/wp-json\/wp\/v2\/types\/page"}],"author":[{"embeddable":true,"href":"https:\/\/www.uamksr.sk\/uamk\/wp-json\/wp\/v2\/users\/1"}],"replies":[{"embeddable":true,"href":"https:\/\/www.uamksr.sk\/uamk\/wp-json\/wp\/v2\/comments?post=200"}],"version-history":[{"count":6,"href":"https:\/\/www.uamksr.sk\/uamk\/wp-json\/wp\/v2\/pages\/200\/revisions"}],"predecessor-version":[{"id":211,"href":"https:\/\/www.uamksr.sk\/uamk\/wp-json\/wp\/v2\/pages\/200\/revisions\/211"}],"wp:attachment":[{"href":"https:\/\/www.uamksr.sk\/uamk\/wp-json\/wp\/v2\/media?parent=200"}],"curies":[{"name":"wp","href":"https:\/\/api.w.org\/{rel}","templated":true}]}}