{"id":1908,"date":"2026-03-05T09:23:46","date_gmt":"2026-03-05T08:23:46","guid":{"rendered":"https:\/\/www.uamksr.sk\/uamk\/?page_id=1908"},"modified":"2026-03-05T09:23:48","modified_gmt":"2026-03-05T08:23:48","slug":"vseobecne-podmienky-ucasti-na-vzdelavacich-programoch","status":"publish","type":"page","link":"https:\/\/www.uamksr.sk\/uamk\/vseobecne-podmienky-ucasti-na-vzdelavacich-programoch","title":{"rendered":"V\u0161eobecn\u00e9 podmienky \u00fa\u010dasti na vzdel\u00e1vac\u00edch programoch"},"content":{"rendered":"\n<p>Tieto v\u0161eobecn\u00e9 podmienky \u00fa\u010dasti upravuj\u00fa pr\u00e1va a povinnosti poskytovate\u013ea vzdel\u00e1vania a \u00fa\u010dastn\u00edkov vzdel\u00e1vac\u00edch, eduka\u010dn\u00fdch a prevent\u00edvnych programov organizovan\u00fdch \u00dastredn\u00fdm automotoklubom Slovenskej republiky (\u010falej len \u201eposkytovate\u013e\u201c).<\/p>\n\n\n\n<p>Poskytovate\u013eom vzdel\u00e1vania je \u00dastredn\u00fd automotoklub Slovenskej republiky (UAMK), so s\u00eddlom na Tom\u00e1\u0161ikovej 30, 821 01 Bratislava, I\u010cO: 30802491, e-mail: <a href=\"mailto:info@uamk.sk\">info@uamk.sk<\/a>, webov\u00e9 s\u00eddlo: <a href=\"https:\/\/www.uamksr.sk\">https:\/\/www.uamksr.sk<\/a>.<\/p>\n\n\n\n<p>Vzdel\u00e1vacie programy s\u00fa zameran\u00e9 najm\u00e4 na podporu bezpe\u010dnosti cestnej prem\u00e1vky, mobility, prevencie rizikov\u00e9ho spr\u00e1vania v doprave a rozvoj vedomost\u00ed, zru\u010dnost\u00ed a kompetenci\u00ed \u00fa\u010dastn\u00edkov v oblasti dopravnej bezpe\u010dnosti.<\/p>\n\n\n\n<p>\u00da\u010das\u0165 na vzdel\u00e1vacom programe je mo\u017en\u00e1 na z\u00e1klade riadne vyplnenej prihl\u00e1\u0161ky doru\u010denej poskytovate\u013eovi elektronicky alebo in\u00fdm ur\u010den\u00fdm sp\u00f4sobom. Poskytovate\u013e si vyhradzuje pr\u00e1vo overi\u0165 splnenie vstupn\u00fdch po\u017eiadaviek \u00fa\u010dastn\u00edka, ak s\u00fa pre konkr\u00e9tny vzdel\u00e1vac\u00ed program stanoven\u00e9. Prihl\u00e1senie na vzdel\u00e1vanie je z\u00e1v\u00e4zn\u00e9.<\/p>\n\n\n\n<p>\u00da\u010dastn\u00edk je povinn\u00fd uv\u00e1dza\u0165 pravdiv\u00e9 a \u00fapln\u00e9 \u00fadaje potrebn\u00e9 na registr\u00e1ciu a realiz\u00e1ciu vzdel\u00e1vacieho programu. \u00da\u010dastn\u00edk berie na vedomie, \u017ee nepravdiv\u00e9 alebo ne\u00fapln\u00e9 \u00fadaje m\u00f4\u017eu by\u0165 d\u00f4vodom na vyl\u00fa\u010denie zo vzdel\u00e1vania.<\/p>\n\n\n\n<p>\u00da\u010das\u0165 na vzdel\u00e1vacom programe je spravidla spoplatnen\u00e1, ak nie je v\u00fdslovne uveden\u00e9 inak. Inform\u00e1cia o cene, sp\u00f4sobe \u00fahrady a podmienkach \u00fa\u010dasti je zverejnen\u00e1 pri ka\u017edom vzdel\u00e1vacom programe. \u00da\u010dastn\u00edk je povinn\u00fd uhradi\u0165 \u00fa\u010dastn\u00edcky poplatok v stanovenej lehote. Neuhradenie poplatku m\u00f4\u017ee by\u0165 d\u00f4vodom na zru\u0161enie \u00fa\u010dasti.<\/p>\n\n\n\n<p>Poskytovate\u013e si vyhradzuje pr\u00e1vo zmeni\u0165 term\u00edn, miesto alebo formu realiz\u00e1cie vzdel\u00e1vacieho programu z organiza\u010dn\u00fdch alebo objekt\u00edvnych d\u00f4vodov. V pr\u00edpade zru\u0161enia programu zo strany poskytovate\u013ea bude \u00fa\u010dastn\u00edkovi vr\u00e1ten\u00fd uhraden\u00fd poplatok v plnej v\u00fd\u0161ke.<\/p>\n\n\n\n<p>\u00da\u010dastn\u00edk je povinn\u00fd dodr\u017eiava\u0165 organiza\u010dn\u00e9 pokyny poskytovate\u013ea, re\u0161pektova\u0165 lektorov a ostatn\u00fdch \u00fa\u010dastn\u00edkov, spr\u00e1va\u0165 sa slu\u0161ne a v s\u00falade so z\u00e1sadami bezpe\u010dnosti a etick\u00e9ho spr\u00e1vania. Poskytovate\u013e si vyhradzuje pr\u00e1vo vyl\u00fa\u010di\u0165 \u00fa\u010dastn\u00edka zo vzdel\u00e1vania v pr\u00edpade z\u00e1va\u017en\u00e9ho poru\u0161enia t\u00fdchto povinnost\u00ed, a to bez n\u00e1roku na vr\u00e1tenie \u00fa\u010dastn\u00edckeho poplatku.<\/p>\n\n\n\n<p>Vzdel\u00e1vacie materi\u00e1ly poskytnut\u00e9 v r\u00e1mci programu s\u00fa chr\u00e1nen\u00e9 autorsk\u00fdm pr\u00e1vom a s\u00fa ur\u010den\u00e9 v\u00fdhradne na osobn\u00e9 vzdel\u00e1vacie \u00fa\u010dely \u00fa\u010dastn\u00edka. Ich \u010fal\u0161ie \u0161\u00edrenie, kop\u00edrovanie alebo komer\u010dn\u00e9 vyu\u017eitie bez s\u00fahlasu poskytovate\u013ea nie je dovolen\u00e9.<\/p>\n\n\n\n<p>\u00da\u010dastn\u00edk berie na vedomie, \u017ee poskytovate\u013e sprac\u00fava jeho osobn\u00e9 \u00fadaje v s\u00falade s platnou legislat\u00edvou o ochrane osobn\u00fdch \u00fadajov. Podrobn\u00e9 inform\u00e1cie o sprac\u00favan\u00ed osobn\u00fdch \u00fadajov s\u00fa zverejnen\u00e9 v dokumente GDPR \u2013 ochrana osobn\u00fdch \u00fadajov na webovom s\u00eddle poskytovate\u013ea.<\/p>\n\n\n\n<p>\u00da\u010dastn\u00edk m\u00e1 pr\u00e1vo poda\u0165 podnet, s\u0165a\u017enos\u0165 alebo reklam\u00e1ciu v s\u00falade s Reklama\u010dn\u00fdm poriadkom a Postupom rie\u0161enia s\u0165a\u017enost\u00ed, ktor\u00e9 s\u00fa zverejnen\u00e9 na webovom s\u00eddle poskytovate\u013ea. Poskytovate\u013e sa zav\u00e4zuje vybavi\u0165 podnety a s\u0165a\u017enosti transparentne, nestranne a v primeranej lehote.<\/p>\n\n\n\n<p>Tieto v\u0161eobecn\u00e9 podmienky \u00fa\u010dasti s\u00fa z\u00e1v\u00e4zn\u00e9 pre v\u0161etk\u00fdch \u00fa\u010dastn\u00edkov vzdel\u00e1vac\u00edch programov poskytovate\u013ea. Poskytovate\u013e si vyhradzuje pr\u00e1vo tieto podmienky primerane aktualizova\u0165 v s\u00falade s legislat\u00edvnymi zmenami a rozvojom vzdel\u00e1vacej \u010dinnosti.<\/p>\n\n\n\n<p>V\u0161eobecn\u00e9 podmienky \u00fa\u010dasti nadob\u00fadaj\u00fa platnos\u0165 a \u00fa\u010dinnos\u0165 d\u0148om ich zverejnenia.<\/p>\n\n\n\n<p><br><\/p>\n\n\n\n<p>V&nbsp;Bratislave, d\u0148a 2. janu\u00e1ra 2026<\/p>\n\n\n\n<p>\u0160tatut\u00e1r: PaedDr. Juraj Smre\u010dan, prezident<\/p>\n\n\n\n<p><\/p>\n","protected":false},"excerpt":{"rendered":"<p>Tieto v\u0161eobecn\u00e9 podmienky \u00fa\u010dasti upravuj\u00fa pr\u00e1va a povinnosti poskytovate\u013ea vzdel\u00e1vania a \u00fa\u010dastn\u00edkov vzdel\u00e1vac\u00edch, eduka\u010dn\u00fdch a prevent\u00edvnych programov organizovan\u00fdch \u00dastredn\u00fdm automotoklubom Slovenskej republiky (\u010falej len \u201eposkytovate\u013e\u201c). Poskytovate\u013eom vzdel\u00e1vania je \u00dastredn\u00fd automotoklub Slovenskej republiky (UAMK), so s\u00eddlom na Tom\u00e1\u0161ikovej 30, 821 01 Bratislava, I\u010cO: 30802491, e-mail: info@uamk.sk, webov\u00e9 s\u00eddlo: https:\/\/www.uamksr.sk. Vzdel\u00e1vacie programy s\u00fa zameran\u00e9 najm\u00e4 na podporu &hellip;<br \/><a href=\"https:\/\/www.uamksr.sk\/uamk\/vseobecne-podmienky-ucasti-na-vzdelavacich-programoch\" class=\"more-link pen_button pen_element_default pen_icon_arrow_double\">\u010c\u00edta\u0165 \u010falej <span class=\"screen-reader-text\">V\u0161eobecn\u00e9 podmienky \u00fa\u010dasti na vzdel\u00e1vac\u00edch programoch<\/span><\/a><\/p>\n","protected":false},"author":1,"featured_media":0,"parent":0,"menu_order":0,"comment_status":"closed","ping_status":"closed","template":"","meta":{"footnotes":""},"class_list":["post-1908","page","type-page","status-publish","hentry"],"_links":{"self":[{"href":"https:\/\/www.uamksr.sk\/uamk\/wp-json\/wp\/v2\/pages\/1908","targetHints":{"allow":["GET"]}}],"collection":[{"href":"https:\/\/www.uamksr.sk\/uamk\/wp-json\/wp\/v2\/pages"}],"about":[{"href":"https:\/\/www.uamksr.sk\/uamk\/wp-json\/wp\/v2\/types\/page"}],"author":[{"embeddable":true,"href":"https:\/\/www.uamksr.sk\/uamk\/wp-json\/wp\/v2\/users\/1"}],"replies":[{"embeddable":true,"href":"https:\/\/www.uamksr.sk\/uamk\/wp-json\/wp\/v2\/comments?post=1908"}],"version-history":[{"count":1,"href":"https:\/\/www.uamksr.sk\/uamk\/wp-json\/wp\/v2\/pages\/1908\/revisions"}],"predecessor-version":[{"id":1909,"href":"https:\/\/www.uamksr.sk\/uamk\/wp-json\/wp\/v2\/pages\/1908\/revisions\/1909"}],"wp:attachment":[{"href":"https:\/\/www.uamksr.sk\/uamk\/wp-json\/wp\/v2\/media?parent=1908"}],"curies":[{"name":"wp","href":"https:\/\/api.w.org\/{rel}","templated":true}]}}