{"id":1761,"date":"2026-03-01T11:42:59","date_gmt":"2026-03-01T10:42:59","guid":{"rendered":"https:\/\/www.uamksr.sk\/uamk\/?page_id=1761"},"modified":"2026-03-17T19:07:20","modified_gmt":"2026-03-17T18:07:20","slug":"prihlaska-za-clena","status":"publish","type":"page","link":"https:\/\/www.uamksr.sk\/uamk\/prihlaska-za-clena","title":{"rendered":"Prihl\u00e1\u0161ka za \u010dlena"},"content":{"rendered":"\n<p>Ak chce\u0161 z\u00edska\u0165 \u010dlensk\u00fa kartu, vypl\u0148 formul\u00e1r ni\u017e\u0161ie a jej v\u00fdhody m\u00f4\u017ee\u0161 za\u010da\u0165 vyu\u017e\u00edva\u0165 ihne\u010f! Vybra\u0165 si m\u00f4\u017ee\u0161 medzi digit\u00e1lnou kartou, ktor\u00fa m\u00f4\u017ee\u0161 ma\u0165 st\u00e1le pri sebe ulo\u017een\u00fa v mobile, a tradi\u010dnou plastovou kartou.<\/p>\n\n\n\n<p>\u010clensk\u00e1 karta plat\u00ed 365 dn\u00ed od prip\u00edsania platby za \u010dlensk\u00e9 na \u00fa\u010det.<\/p>\n\n\n\n<p><\/p>\n\n\n\n<div class=\"wp-block-columns is-layout-flex wp-container-core-columns-is-layout-9d6595d7 wp-block-columns-is-layout-flex\">\n<div class=\"wp-block-column is-layout-flow wp-block-column-is-layout-flow\">\n<div class=\"wp-block-contact-form-7-contact-form-selector\">\n<div class=\"wpcf7 no-js\" id=\"wpcf7-f1731-o1\" lang=\"sk-SK\" dir=\"ltr\" data-wpcf7-id=\"1731\">\n<div class=\"screen-reader-response\"><p role=\"status\" aria-live=\"polite\" aria-atomic=\"true\"><\/p> <ul><\/ul><\/div>\n<form action=\"\/uamk\/wp-json\/wp\/v2\/pages\/1761#wpcf7-f1731-o1\" method=\"post\" class=\"wpcf7-form init\" aria-label=\"Kontaktn\u00fd formul\u00e1r\" novalidate=\"novalidate\" data-status=\"init\">\n<fieldset class=\"hidden-fields-container\"><input type=\"hidden\" name=\"_wpcf7\" value=\"1731\" \/><input type=\"hidden\" name=\"_wpcf7_version\" value=\"6.1.5\" \/><input type=\"hidden\" name=\"_wpcf7_locale\" value=\"sk_SK\" \/><input type=\"hidden\" name=\"_wpcf7_unit_tag\" value=\"wpcf7-f1731-o1\" \/><input type=\"hidden\" name=\"_wpcf7_container_post\" value=\"0\" \/><input type=\"hidden\" name=\"_wpcf7_posted_data_hash\" value=\"\" \/>\n<\/fieldset>\n<p><label> Va\u0161e meno<br \/>\n<span class=\"wpcf7-form-control-wrap\" data-name=\"meno\"><input size=\"40\" maxlength=\"400\" class=\"wpcf7-form-control wpcf7-text wpcf7-validates-as-required\" autocomplete=\"name\" aria-required=\"true\" aria-invalid=\"false\" value=\"\" type=\"text\" name=\"meno\" \/><\/span> <\/label>\n<\/p>\n<p><label> Va\u0161e priezvisko<br \/>\n<span class=\"wpcf7-form-control-wrap\" data-name=\"priezvisko\"><input size=\"40\" maxlength=\"400\" class=\"wpcf7-form-control wpcf7-text wpcf7-validates-as-required\" autocomplete=\"priezvisko\" aria-required=\"true\" aria-invalid=\"false\" value=\"\" type=\"text\" name=\"priezvisko\" \/><\/span> <\/label>\n<\/p>\n<p><label> Ulica, \u010d. domu<br \/>\n<span class=\"wpcf7-form-control-wrap\" data-name=\"ulica\"><input size=\"40\" maxlength=\"400\" class=\"wpcf7-form-control wpcf7-text wpcf7-validates-as-required\" autocomplete=\"ulica\" aria-required=\"true\" aria-invalid=\"false\" value=\"\" type=\"text\" name=\"ulica\" \/><\/span> <\/label>\n<\/p>\n<p><label> Mesto<br \/>\n<span class=\"wpcf7-form-control-wrap\" data-name=\"mesto\"><input size=\"40\" maxlength=\"400\" class=\"wpcf7-form-control wpcf7-text wpcf7-validates-as-required\" autocomplete=\"mesto\" aria-required=\"true\" aria-invalid=\"false\" value=\"\" type=\"text\" name=\"mesto\" \/><\/span> <\/label>\n<\/p>\n<p><label> PS\u010c<br \/>\n<span class=\"wpcf7-form-control-wrap\" data-name=\"psc\"><input size=\"40\" maxlength=\"400\" class=\"wpcf7-form-control wpcf7-text wpcf7-validates-as-required\" autocomplete=\"psc\" aria-required=\"true\" aria-invalid=\"false\" value=\"\" type=\"text\" name=\"psc\" \/><\/span> <\/label>\n<\/p>\n<p><label> D\u00e1tum narodenia<br \/>\n<span class=\"wpcf7-form-control-wrap\" data-name=\"narodenie\"><input size=\"40\" maxlength=\"400\" class=\"wpcf7-form-control wpcf7-text wpcf7-validates-as-required\" autocomplete=\"narodenie\" aria-required=\"true\" aria-invalid=\"false\" value=\"\" type=\"text\" name=\"narodenie\" \/><\/span> <\/label>\n<\/p>\n<p><label> Telef\u00f3n<br \/>\n<span class=\"wpcf7-form-control-wrap\" data-name=\"telefon\"><input size=\"40\" maxlength=\"400\" class=\"wpcf7-form-control wpcf7-tel wpcf7-text wpcf7-validates-as-tel\" autocomplete=\"telefon\" aria-invalid=\"false\" value=\"\" type=\"tel\" name=\"telefon\" \/><\/span> <\/label>\n<\/p>\n<p><label> V\u00e1\u0161 email<br \/>\n<span class=\"wpcf7-form-control-wrap\" data-name=\"your-email\"><input size=\"40\" maxlength=\"400\" class=\"wpcf7-form-control wpcf7-email wpcf7-validates-as-required wpcf7-text wpcf7-validates-as-email\" autocomplete=\"email\" aria-required=\"true\" aria-invalid=\"false\" value=\"\" type=\"email\" name=\"your-email\" \/><\/span> <\/label>\n<\/p>\n<p><label> Ste \u010dlenom niektor\u00e9ho automotoklubu?<br \/>\n<span class=\"wpcf7-form-control-wrap\" data-name=\"klub\"><input size=\"40\" maxlength=\"400\" class=\"wpcf7-form-control wpcf7-text\" autocomplete=\"klub\" aria-invalid=\"false\" value=\"\" type=\"text\" name=\"klub\" \/><\/span> <\/label>\n<\/p>\n<p><span class=\"wpcf7-form-control-wrap\" data-name=\"checkbox-677\"><span class=\"wpcf7-form-control wpcf7-checkbox wpcf7-validates-as-required\"><span class=\"wpcf7-list-item first last\"><label><input type=\"checkbox\" name=\"checkbox-677[]\" value=\"Akceptujem ro\u010dn\u00fd \u010dlensk\u00fd poplatok vo v\u00fd\u0161ke 29\u20ac.\" \/><span class=\"wpcf7-list-item-label\">Akceptujem ro\u010dn\u00fd \u010dlensk\u00fd poplatok vo v\u00fd\u0161ke 29\u20ac.<\/span><\/label><\/span><\/span><\/span><br \/>\n<span class=\"wpcf7-form-control-wrap\" data-name=\"checkbox-266\"><span class=\"wpcf7-form-control wpcf7-checkbox wpcf7-validates-as-required\"><span class=\"wpcf7-list-item first last\"><label><input type=\"checkbox\" name=\"checkbox-266[]\" value=\"\u017diadam o registr\u00e1ciu \u010dlena a vydanie \u010dlenskej karty \u00daAMK.\" \/><span class=\"wpcf7-list-item-label\">\u017diadam o registr\u00e1ciu \u010dlena a vydanie \u010dlenskej karty \u00daAMK.<\/span><\/label><\/span><\/span><\/span>\n<\/p>\n<p><strong>Typ karty<\/strong><br \/>\n<span class=\"wpcf7-form-control-wrap\" data-name=\"select-213\"><select class=\"wpcf7-form-control wpcf7-select wpcf7-validates-as-required\" aria-required=\"true\" aria-invalid=\"false\" name=\"select-213\"><option value=\"Plastov\u00e1 karta (doru\u010d\u00edme po\u0161tou)\">Plastov\u00e1 karta (doru\u010d\u00edme po\u0161tou)<\/option><option value=\"Digit\u00e1lna karta (vlo\u017e\u00edte si ju do mobilu)\">Digit\u00e1lna karta (vlo\u017e\u00edte si ju do mobilu)<\/option><\/select><\/span>\n<\/p>\n<p><span class=\"wpcf7-form-control-wrap\" data-name=\"checkbox-117\"><span class=\"wpcf7-form-control wpcf7-checkbox\"><span class=\"wpcf7-list-item first last\"><label><input type=\"checkbox\" name=\"checkbox-117[]\" value=\"S\u00fahlas\u00edm so zasielan\u00edm informa\u010dn\u00fdch marketingov\u00fdch\" \/><span class=\"wpcf7-list-item-label\">S\u00fahlas\u00edm so zasielan\u00edm informa\u010dn\u00fdch marketingov\u00fdch<\/span><\/label><\/span><\/span><\/span><br \/>\nemailov prev\u00e1dzkovate\u013ea a jeho obchodn\u00fdch partnerov, inform\u00e1ci\u00ed o novink\u00e1ch prostredn\u00edctvom newsletteru a spracovan\u00edm osobn\u00fdch \u00fadajov na uveden\u00fd \u00fa\u010del.<br \/>\n<i>Pozrie\u0165 podmienky ochrany osobn\u00fdch \u00fadajov.<\/i>\n<\/p>\n<p><strong>M\u00e1m z\u00e1ujem o:<\/strong><br \/>\n<span class=\"wpcf7-form-control-wrap\" data-name=\"checkbox-472\"><span class=\"wpcf7-form-control wpcf7-checkbox\"><span class=\"wpcf7-list-item first last\"><label><input type=\"checkbox\" name=\"checkbox-472[]\" value=\"Mototuristiku\" \/><span class=\"wpcf7-list-item-label\">Mototuristiku<\/span><\/label><\/span><\/span><\/span><br \/>\n<span class=\"wpcf7-form-control-wrap\" data-name=\"checkbox-189\"><span class=\"wpcf7-form-control wpcf7-checkbox\"><span class=\"wpcf7-list-item first last\"><label><input type=\"checkbox\" name=\"checkbox-189[]\" value=\"Dopravn\u00fa v\u00fdchovu det\u00ed\" \/><span class=\"wpcf7-list-item-label\">Dopravn\u00fa v\u00fdchovu det\u00ed<\/span><\/label><\/span><\/span><\/span><br \/>\n<span class=\"wpcf7-form-control-wrap\" data-name=\"checkbox-600\"><span class=\"wpcf7-form-control wpcf7-checkbox\"><span class=\"wpcf7-list-item first last\"><label><input type=\"checkbox\" name=\"checkbox-600[]\" value=\"Dopravn\u00e9 vzdel\u00e1vanie seniorov\" \/><span class=\"wpcf7-list-item-label\">Dopravn\u00e9 vzdel\u00e1vanie seniorov<\/span><\/label><\/span><\/span><\/span><br \/>\n<span class=\"wpcf7-form-control-wrap\" data-name=\"checkbox-36\"><span class=\"wpcf7-form-control wpcf7-checkbox\"><span class=\"wpcf7-list-item first last\"><label><input type=\"checkbox\" name=\"checkbox-36[]\" value=\"Auto\u0161kolu\" \/><span class=\"wpcf7-list-item-label\">Auto\u0161kolu<\/span><\/label><\/span><\/span><\/span><br \/>\n<span class=\"wpcf7-form-control-wrap\" data-name=\"checkbox-373\"><span class=\"wpcf7-form-control wpcf7-checkbox\"><span class=\"wpcf7-list-item first last\"><label><input type=\"checkbox\" name=\"checkbox-373[]\" value=\"Motoristick\u00fd \u0161port\" \/><span class=\"wpcf7-list-item-label\">Motoristick\u00fd \u0161port<\/span><\/label><\/span><\/span><\/span><br \/>\n<span class=\"wpcf7-form-control-wrap\" data-name=\"checkbox-148\"><span class=\"wpcf7-form-control wpcf7-checkbox\"><span class=\"wpcf7-list-item first last\"><label><input type=\"checkbox\" name=\"checkbox-148[]\" value=\"Historick\u00e9 vozidl\u00e1\" \/><span class=\"wpcf7-list-item-label\">Historick\u00e9 vozidl\u00e1<\/span><\/label><\/span><\/span><\/span><br \/>\n<span class=\"wpcf7-form-control-wrap\" data-name=\"checkbox-682\"><span class=\"wpcf7-form-control wpcf7-checkbox\"><span class=\"wpcf7-list-item first last\"><label><input type=\"checkbox\" name=\"checkbox-682[]\" value=\"Camping a caravaning\" \/><span class=\"wpcf7-list-item-label\">Camping a caravaning<\/span><\/label><\/span><\/span><\/span><br \/>\n<span class=\"wpcf7-form-control-wrap\" data-name=\"checkbox-131\"><span class=\"wpcf7-form-control wpcf7-checkbox\"><span class=\"wpcf7-list-item first last\"><label><input type=\"checkbox\" name=\"checkbox-131[]\" value=\"Slu\u017eby motoristom\" \/><span class=\"wpcf7-list-item-label\">Slu\u017eby motoristom<\/span><\/label><\/span><\/span><\/span>\n<\/p>\n<p><label> Chcete n\u00e1m posla\u0165 aj spr\u00e1vu ? Nech sa p\u00e1\u010di, nap\u00ed\u0161te (volite\u013en\u00e9)<br \/>\n<span class=\"wpcf7-form-control-wrap\" data-name=\"your-message\"><textarea cols=\"40\" rows=\"10\" maxlength=\"2000\" class=\"wpcf7-form-control wpcf7-textarea\" aria-invalid=\"false\" name=\"your-message\"><\/textarea><\/span> <\/label>\n<\/p>\n<p><input class=\"wpcf7-form-control wpcf7-submit has-spinner\" type=\"submit\" value=\"Odosla\u0165\" \/>\n<\/p><p style=\"display: none !important;\" class=\"akismet-fields-container\" data-prefix=\"_wpcf7_ak_\"><label>&#916;<textarea name=\"_wpcf7_ak_hp_textarea\" cols=\"45\" rows=\"8\" maxlength=\"100\"><\/textarea><\/label><input type=\"hidden\" id=\"ak_js_1\" name=\"_wpcf7_ak_js\" value=\"208\"\/><script>document.getElementById( \"ak_js_1\" ).setAttribute( \"value\", ( new Date() ).getTime() );<\/script><\/p><div class=\"wpcf7-response-output\" aria-hidden=\"true\"><\/div>\n<\/form>\n<\/div>\n<\/div>\n<\/div>\n\n\n\n<div class=\"wp-block-column is-layout-flow wp-block-column-is-layout-flow\"><div class=\"wp-block-image\">\n<figure class=\"aligncenter size-full\"><img loading=\"lazy\" decoding=\"async\" width=\"300\" height=\"197\" src=\"https:\/\/www.uamksr.sk\/uamk\/wp-content\/uploads\/2026\/02\/uamk-karta-2023-300x197-up.png\" alt=\"\" class=\"wp-image-293\"\/><\/figure>\n<\/div>\n\n\n<p class=\"has-small-font-size\"><\/p>\n\n\n\n<p>Po zaslan\u00ed prihl\u00e1\u0161ky  preve\u010fte,  pros\u00edm,  ro\u010dn\u00fd poplatok vo v\u00fd\u0161ke ro\u010dn\u00e9ho \u010dlensk\u00e9ho (<strong>29,- \u20ac<\/strong>)  na \u00fa\u010det \u00daAMK. Pri platbe uve\u010fte do pozn\u00e1mky va\u0161e MENO a MESTO pre r\u00fdchlej\u0161iu identifik\u00e1ciu platby. <\/p>\n\n\n\n<p>N\u00e1zov \u00fa\u010dtu: <strong>\u00dastredn\u00fd automotoklub Slov. republika<\/strong><\/p>\n\n\n\n<p>\u010c\u00edslo \u00fa\u010dtu: <strong>SK49 0900 0000 0051 8468 9182 <\/strong><\/p>\n\n\n<div class=\"wp-block-image\">\n<figure class=\"aligncenter size-full is-resized\"><img loading=\"lazy\" decoding=\"async\" width=\"960\" height=\"1125\" src=\"https:\/\/www.uamksr.sk\/uamk\/wp-content\/uploads\/2026\/03\/uamk29eurFO.png\" alt=\"\" class=\"wp-image-2735\" style=\"aspect-ratio:0.853337059289274;width:217px;height:auto\" srcset=\"https:\/\/www.uamksr.sk\/uamk\/wp-content\/uploads\/2026\/03\/uamk29eurFO.png 960w, https:\/\/www.uamksr.sk\/uamk\/wp-content\/uploads\/2026\/03\/uamk29eurFO-256x300.png 256w, https:\/\/www.uamksr.sk\/uamk\/wp-content\/uploads\/2026\/03\/uamk29eurFO-768x900.png 768w\" sizes=\"auto, (max-width: 960px) 100vw, 960px\" \/><\/figure>\n<\/div>\n\n\n<p>Po prip\u00edsan\u00ed \u010dlensk\u00e9ho na \u00fa\u010det V\u00e1m bude n\u00e1sledne doru\u010den\u00e9 <strong>\u010dlensk\u00e1 karta<\/strong>..<\/p>\n\n\n\n<p>\u010eakujeme, \u017ee ste sa rozhodli sta\u0165 na\u0161im \u010dlenom.<\/p>\n\n\n\n<h5 class=\"wp-block-heading has-small-font-size\"><\/h5>\n<\/div>\n<\/div>\n","protected":false},"excerpt":{"rendered":"<p>Ak chce\u0161 z\u00edska\u0165 \u010dlensk\u00fa kartu, vypl\u0148 formul\u00e1r ni\u017e\u0161ie a jej v\u00fdhody m\u00f4\u017ee\u0161 za\u010da\u0165 vyu\u017e\u00edva\u0165 ihne\u010f! Vybra\u0165 si m\u00f4\u017ee\u0161 medzi digit\u00e1lnou kartou, ktor\u00fa m\u00f4\u017ee\u0161 ma\u0165 st\u00e1le pri sebe ulo\u017een\u00fa v mobile, a tradi\u010dnou plastovou kartou. \u010clensk\u00e1 karta plat\u00ed 365 dn\u00ed od prip\u00edsania platby za \u010dlensk\u00e9 na \u00fa\u010det. Po zaslan\u00ed prihl\u00e1\u0161ky preve\u010fte, pros\u00edm, ro\u010dn\u00fd poplatok vo v\u00fd\u0161ke &hellip;<br \/><a href=\"https:\/\/www.uamksr.sk\/uamk\/prihlaska-za-clena\" class=\"more-link pen_button pen_element_default pen_icon_arrow_double\">\u010c\u00edta\u0165 \u010falej <span class=\"screen-reader-text\">Prihl\u00e1\u0161ka za \u010dlena<\/span><\/a><\/p>\n","protected":false},"author":1,"featured_media":0,"parent":0,"menu_order":0,"comment_status":"closed","ping_status":"closed","template":"","meta":{"footnotes":""},"class_list":["post-1761","page","type-page","status-publish","hentry"],"_links":{"self":[{"href":"https:\/\/www.uamksr.sk\/uamk\/wp-json\/wp\/v2\/pages\/1761","targetHints":{"allow":["GET"]}}],"collection":[{"href":"https:\/\/www.uamksr.sk\/uamk\/wp-json\/wp\/v2\/pages"}],"about":[{"href":"https:\/\/www.uamksr.sk\/uamk\/wp-json\/wp\/v2\/types\/page"}],"author":[{"embeddable":true,"href":"https:\/\/www.uamksr.sk\/uamk\/wp-json\/wp\/v2\/users\/1"}],"replies":[{"embeddable":true,"href":"https:\/\/www.uamksr.sk\/uamk\/wp-json\/wp\/v2\/comments?post=1761"}],"version-history":[{"count":4,"href":"https:\/\/www.uamksr.sk\/uamk\/wp-json\/wp\/v2\/pages\/1761\/revisions"}],"predecessor-version":[{"id":2737,"href":"https:\/\/www.uamksr.sk\/uamk\/wp-json\/wp\/v2\/pages\/1761\/revisions\/2737"}],"wp:attachment":[{"href":"https:\/\/www.uamksr.sk\/uamk\/wp-json\/wp\/v2\/media?parent=1761"}],"curies":[{"name":"wp","href":"https:\/\/api.w.org\/{rel}","templated":true}]}}