{"id":149,"date":"2026-02-06T15:01:44","date_gmt":"2026-02-06T14:01:44","guid":{"rendered":"https:\/\/www.uamksr.sk\/uamk\/?page_id=149"},"modified":"2026-04-20T10:52:26","modified_gmt":"2026-04-20T08:52:26","slug":"uvod","status":"publish","type":"page","link":"https:\/\/www.uamksr.sk\/uamk\/","title":{"rendered":"Motoristi &#8211; motoristom"},"content":{"rendered":"\n<figure class=\"wp-block-video\"><video height=\"720\" style=\"aspect-ratio: 1280 \/ 720;\" width=\"1280\" autoplay loop muted src=\"https:\/\/www.uamksr.sk\/uamk\/wp-content\/uploads\/2026\/03\/uamk_uvod.mp4\" playsinline><\/video><\/figure>\n\n\n\n<figure class=\"wp-block-image size-full\"><img loading=\"lazy\" decoding=\"async\" width=\"1200\" height=\"628\" src=\"https:\/\/www.uamksr.sk\/uamk\/wp-content\/uploads\/2026\/04\/pozvanka_otvorenie.jpg\" alt=\"\" class=\"wp-image-3613\" srcset=\"https:\/\/www.uamksr.sk\/uamk\/wp-content\/uploads\/2026\/04\/pozvanka_otvorenie.jpg 1200w, https:\/\/www.uamksr.sk\/uamk\/wp-content\/uploads\/2026\/04\/pozvanka_otvorenie-300x157.jpg 300w, https:\/\/www.uamksr.sk\/uamk\/wp-content\/uploads\/2026\/04\/pozvanka_otvorenie-768x402.jpg 768w\" sizes=\"auto, (max-width: 1200px) 100vw, 1200px\" \/><\/figure>\n\n\n\n<h2 class=\"wp-block-heading has-text-align-center has-background\" style=\"background-color:#edcf10\">Novinky<\/h2>\n\n\n\n<div class=\"wp-block-query is-layout-flow wp-block-query-is-layout-flow\"><ul class=\"columns-3 wp-block-post-template is-layout-grid wp-container-core-post-template-is-layout-2fc57c17 wp-block-post-template-is-layout-grid\"><li class=\"wp-block-post post-3557 post type-post status-publish format-standard has-post-thumbnail hentry category-motosport category-nezaradene\">\n\n<div class=\"wp-block-group\" style=\"padding-top:30px;padding-right:30px;padding-bottom:30px;padding-left:30px\"><div class=\"wp-block-group__inner-container is-layout-flow wp-block-group-is-layout-flow\"><h2 class=\"wp-block-post-title\"><a href=\"https:\/\/www.uamksr.sk\/uamk\/rally-show-dolna-strehova\" target=\"_self\" >Rally Show Doln\u00e1 Strehov\u00e1 11. 4. 2026<\/a><\/h2>\n\n<div class=\"wp-block-post-excerpt\"><p class=\"wp-block-post-excerpt__excerpt\">V\u00a0nede\u013eu \u00a029. 3. 2026 sa v\u00a0\u017darnovici konali Medzin\u00e1rodn\u00e9 majstrovstv\u00e1 Slovenska na Plochej dr\u00e1he a\u00a0z\u00e1rove\u0148 aj 26. Memori\u00e1l Ladislav Eli\u00e1\u0161a. Na \u0161tartov\u00fa \u010diaru sa postavilo celkom 22 jazdcov z\u00a012-tich kraj\u00edn. <\/p><\/div>\n\n<div class=\"wp-block-post-date\"><time datetime=\"2026-04-19T21:30:41+02:00\">19. apr\u00edla 2026<\/time><\/div><\/div><\/div>\n\n<\/li><li class=\"wp-block-post post-3615 post type-post status-publish format-standard has-post-thumbnail hentry category-ceny-pohonnych-latok\">\n\n<div class=\"wp-block-group\" style=\"padding-top:30px;padding-right:30px;padding-bottom:30px;padding-left:30px\"><div class=\"wp-block-group__inner-container is-layout-flow wp-block-group-is-layout-flow\"><h2 class=\"wp-block-post-title\"><a href=\"https:\/\/www.uamksr.sk\/uamk\/ceny-phm-04-2026\" target=\"_self\" >Apr\u00edl 2026<\/a><\/h2>\n\n<div class=\"wp-block-post-excerpt\"><p class=\"wp-block-post-excerpt__excerpt\">Ceny PHM v Eur\u00f3pe &#8211; apr\u00edl 2026 <\/p><\/div>\n\n<div class=\"wp-block-post-date\"><time datetime=\"2026-04-10T13:01:25+02:00\">10. apr\u00edla 2026<\/time><\/div><\/div><\/div>\n\n<\/li><li class=\"wp-block-post post-3534 post type-post status-publish format-standard has-post-thumbnail hentry category-motosport category-nezaradene\">\n\n<div class=\"wp-block-group\" style=\"padding-top:30px;padding-right:30px;padding-bottom:30px;padding-left:30px\"><div class=\"wp-block-group__inner-container is-layout-flow wp-block-group-is-layout-flow\"><h2 class=\"wp-block-post-title\"><a href=\"https:\/\/www.uamksr.sk\/uamk\/mmsr-na-plochej-drahe-zarnovica-29-3-2026\" target=\"_self\" >MMSR na plochej dr\u00e1he &#8211; \u017darnovica 29. 3. 2026<\/a><\/h2>\n\n<div class=\"wp-block-post-excerpt\"><p class=\"wp-block-post-excerpt__excerpt\">V\u00a0nede\u013eu \u00a029. 3. 2026 sa v\u00a0\u017darnovici konali Medzin\u00e1rodn\u00e9 majstrovstv\u00e1 Slovenska na Plochej dr\u00e1he a\u00a0z\u00e1rove\u0148 aj 26. Memori\u00e1l Ladislav Eli\u00e1\u0161a. Na \u0161tartov\u00fa \u010diaru sa postavilo celkom 22 jazdcov z\u00a012-tich kraj\u00edn. <\/p><\/div>\n\n<div class=\"wp-block-post-date\"><time datetime=\"2026-03-30T21:30:41+02:00\">30. marca 2026<\/time><\/div><\/div><\/div>\n\n<\/li><li class=\"wp-block-post post-2341 post type-post status-publish format-standard has-post-thumbnail hentry category-ceny-pohonnych-latok\">\n\n<div class=\"wp-block-group\" style=\"padding-top:30px;padding-right:30px;padding-bottom:30px;padding-left:30px\"><div class=\"wp-block-group__inner-container is-layout-flow wp-block-group-is-layout-flow\"><h2 class=\"wp-block-post-title\"><a href=\"https:\/\/www.uamksr.sk\/uamk\/ceny-phm-03-2026\" target=\"_self\" >Marec 2026<\/a><\/h2>\n\n<div class=\"wp-block-post-excerpt\"><p class=\"wp-block-post-excerpt__excerpt\">Ceny PHM v Eur\u00f3pe &#8211; marec 2026 <\/p><\/div>\n\n<div class=\"wp-block-post-date\"><time datetime=\"2026-03-14T13:01:25+01:00\">14. marca 2026<\/time><\/div><\/div><\/div>\n\n<\/li><li class=\"wp-block-post post-495 post type-post status-publish format-standard has-post-thumbnail hentry category-dialnicne-poplatky\">\n\n<div class=\"wp-block-group\" style=\"padding-top:30px;padding-right:30px;padding-bottom:30px;padding-left:30px\"><div class=\"wp-block-group__inner-container is-layout-flow wp-block-group-is-layout-flow\"><h2 class=\"wp-block-post-title\"><a href=\"https:\/\/www.uamksr.sk\/uamk\/dialnicne-znamky-v-madarsku\" target=\"_self\" >Dia\u013eni\u010dn\u00e9 zn\u00e1mky v Ma\u010farsku<\/a><\/h2>\n\n<div class=\"wp-block-post-excerpt\"><p class=\"wp-block-post-excerpt__excerpt\">V\u00a0Ma\u010farsku \u010dak\u00e1 \u00a0motoristov pribli\u017ene 1750 km spoplatnen\u00fdch \u00fasekov. <\/p><\/div>\n\n<div class=\"wp-block-post-date\"><time datetime=\"2026-02-25T08:26:12+01:00\">25. febru\u00e1ra 2026<\/time><\/div><\/div><\/div>\n\n<\/li><li class=\"wp-block-post post-3466 post type-post status-publish format-standard has-post-thumbnail hentry category-dialnicne-poplatky\">\n\n<div class=\"wp-block-group\" style=\"padding-top:30px;padding-right:30px;padding-bottom:30px;padding-left:30px\"><div class=\"wp-block-group__inner-container is-layout-flow wp-block-group-is-layout-flow\"><h2 class=\"wp-block-post-title\"><a href=\"https:\/\/www.uamksr.sk\/uamk\/dialnicne-nalepky-v-rakusku-2\" target=\"_self\" >Dia\u013eni\u010dn\u00e9 n\u00e1lepky &#8211; Slovensko 2026<\/a><\/h2>\n\n<div class=\"wp-block-post-excerpt\"><p class=\"wp-block-post-excerpt__excerpt\">Rok 2026 je v Rak\u00fasku posledn\u00fdm rokom, kedy popri elektronickej zn\u00e1mke plat\u00ed aj nalepovacia zn\u00e1mka. <\/p><\/div>\n\n<div class=\"wp-block-post-date\"><time datetime=\"2026-02-24T19:43:16+01:00\">24. febru\u00e1ra 2026<\/time><\/div><\/div><\/div>\n\n<\/li><\/ul><\/div>\n\n\n\n<h2 class=\"wp-block-heading\"><\/h2>\n","protected":false},"excerpt":{"rendered":"<p>Novinky<\/p>\n","protected":false},"author":1,"featured_media":0,"parent":0,"menu_order":0,"comment_status":"closed","ping_status":"closed","template":"","meta":{"footnotes":""},"class_list":["post-149","page","type-page","status-publish","hentry"],"_links":{"self":[{"href":"https:\/\/www.uamksr.sk\/uamk\/wp-json\/wp\/v2\/pages\/149","targetHints":{"allow":["GET"]}}],"collection":[{"href":"https:\/\/www.uamksr.sk\/uamk\/wp-json\/wp\/v2\/pages"}],"about":[{"href":"https:\/\/www.uamksr.sk\/uamk\/wp-json\/wp\/v2\/types\/page"}],"author":[{"embeddable":true,"href":"https:\/\/www.uamksr.sk\/uamk\/wp-json\/wp\/v2\/users\/1"}],"replies":[{"embeddable":true,"href":"https:\/\/www.uamksr.sk\/uamk\/wp-json\/wp\/v2\/comments?post=149"}],"version-history":[{"count":52,"href":"https:\/\/www.uamksr.sk\/uamk\/wp-json\/wp\/v2\/pages\/149\/revisions"}],"predecessor-version":[{"id":3614,"href":"https:\/\/www.uamksr.sk\/uamk\/wp-json\/wp\/v2\/pages\/149\/revisions\/3614"}],"wp:attachment":[{"href":"https:\/\/www.uamksr.sk\/uamk\/wp-json\/wp\/v2\/media?parent=149"}],"curies":[{"name":"wp","href":"https:\/\/api.w.org\/{rel}","templated":true}]}}